{"id":4759,"date":"2023-07-01T15:37:53","date_gmt":"2023-07-01T15:37:53","guid":{"rendered":"https:\/\/futurenergysolar.com\/?post_type=product&#038;p=4759"},"modified":"2023-07-01T15:37:53","modified_gmt":"2023-07-01T15:37:53","slug":"panel-solar-fotovoltaicos-510w","status":"publish","type":"product","link":"https:\/\/futurenergysolar.com\/index.php\/producto\/panel-solar-fotovoltaicos-510w\/","title":{"rendered":"Panel Solar Fotovoltaicos 510w"},"content":{"rendered":"<p id=\"tw-target-text\" class=\"tw-data-text tw-text-large tw-ta\" dir=\"ltr\" data-placeholder=\"Traducci\u00f3n\"><strong>Alto valor para el cliente<\/strong><br \/>\n\u2022 Menor LCOE (Costo nivelado de energ\u00eda), menor costo de BOS (Balance del sistema),<br \/>\nmenor tiempo de recuperaci\u00f3n<br \/>\n\u2022 Menor degradaci\u00f3n anual y del primer a\u00f1o garantizada<br \/>\n\u2022 Dise\u00f1ado para ser compatible con los componentes del sistema principal existente<br \/>\n\u2022 Mayor retorno de la inversi\u00f3n<\/p>\n<p><strong>Mono Perc de alta potencia de hasta 510W<\/strong><br \/>\n\u2022 Celdas de \u00e1rea grande basadas en obleas de silicio de 210 mm y tecnolog\u00eda de celda de corte de 1\/3<br \/>\n\u2022 Hasta un 21,2 % de eficiencia del m\u00f3dulo con tecnolog\u00eda de interconexi\u00f3n de alta densidad<br \/>\n\u2022 Tecnolog\u00eda de barras colectoras m\u00faltiples para un mejor efecto de atrapamiento de luz, menor resistencia en<br \/>\nserie y mejor recolecci\u00f3n de corriente.<\/p>\n<p><strong>Alta fiabilidad<\/strong><br \/>\n\u2022 Microfisuras minimizadas con innovadora tecnolog\u00eda de corte no destructivo<br \/>\n\u2022 Resistencia PID asegurada a trav\u00e9s del proceso de celdas y el control de materiales del m\u00f3dulo<br \/>\n\u2022 Resistente a ambientes hostiles como sal, amon\u00edaco, arena, \u00e1reas de alta<br \/>\ntemperatura y alta humedad<br \/>\n\u2022 Rendimiento mec\u00e1nico hasta 5400 Pa de carga positiva y 2400 Pa de carga negativa.<\/p>\n<p dir=\"ltr\" data-placeholder=\"Traducci\u00f3n\">\n<p dir=\"ltr\" data-placeholder=\"Traducci\u00f3n\"><strong>Alto rendimiento energ\u00e9tico<\/strong><br \/>\n\u2022 Excelente IAM (Modi ficador de \u00e1ngulo incidente) y rendimiento de baja irradiaci\u00f3n,<br \/>\nvalidado por certi caciones de terceros<br \/>\n\u2022 El dise\u00f1o \u00fanico proporciona una producci\u00f3n de energ\u00eda optimizada en condiciones de<br \/>\nsombra entre hileras<\/p>\n","protected":false},"excerpt":{"rendered":"<p>Alto valor para el cliente \u2022 Menor LCOE (Costo nivelado de energ\u00eda), menor costo de BOS (Balance del sistema), menor tiempo de recuperaci\u00f3n \u2022 Menor degradaci\u00f3n anual y del primer a\u00f1o garantizada \u2022 Dise\u00f1ado para ser compatible con los componentes del sistema principal existente \u2022 Mayor retorno de la inversi\u00f3n Mono Perc de alta potencia &hellip;<\/p>\n<p class=\"read-more\"> <a class=\"\" href=\"https:\/\/futurenergysolar.com\/index.php\/producto\/panel-solar-fotovoltaicos-510w\/\"> <span class=\"screen-reader-text\">Panel Solar Fotovoltaicos 510w<\/span> Leer m\u00e1s &raquo;<\/a><\/p>\n","protected":false},"featured_media":4760,"comment_status":"open","ping_status":"closed","template":"","meta":{"_uag_custom_page_level_css":"","site-sidebar-layout":"default","site-content-layout":"default","ast-global-header-display":"","ast-banner-title-visibility":"","ast-main-header-display":"","ast-hfb-above-header-display":"","ast-hfb-below-header-display":"","ast-hfb-mobile-header-display":"","site-post-title":"","ast-breadcrumbs-content":"","ast-featured-img":"","footer-sml-layout":"","theme-transparent-header-meta":"default","adv-header-id-meta":"","stick-header-meta":"","header-above-stick-meta":"","header-main-stick-meta":"","header-below-stick-meta":""},"product_cat":[34,35],"product_tag":[],"uagb_featured_image_src":{"full":["https:\/\/futurenergysolar.com\/wp-content\/uploads\/2023\/07\/Paneles-Solares-510w-cuenca-ecuador.jpg",262,386,false],"thumbnail":["https:\/\/futurenergysolar.com\/wp-content\/uploads\/2023\/07\/Paneles-Solares-510w-cuenca-ecuador-150x150.jpg",150,150,true],"medium":["https:\/\/futurenergysolar.com\/wp-content\/uploads\/2023\/07\/Paneles-Solares-510w-cuenca-ecuador-204x300.jpg",204,300,true],"medium_large":["https:\/\/futurenergysolar.com\/wp-content\/uploads\/2023\/07\/Paneles-Solares-510w-cuenca-ecuador.jpg",262,386,false],"large":["https:\/\/futurenergysolar.com\/wp-content\/uploads\/2023\/07\/Paneles-Solares-510w-cuenca-ecuador.jpg",262,386,false],"1536x1536":["https:\/\/futurenergysolar.com\/wp-content\/uploads\/2023\/07\/Paneles-Solares-510w-cuenca-ecuador.jpg",262,386,false],"2048x2048":["https:\/\/futurenergysolar.com\/wp-content\/uploads\/2023\/07\/Paneles-Solares-510w-cuenca-ecuador.jpg",262,386,false],"mailpoet_newsletter_max":["https:\/\/futurenergysolar.com\/wp-content\/uploads\/2023\/07\/Paneles-Solares-510w-cuenca-ecuador.jpg",262,386,false],"woocommerce_thumbnail":["https:\/\/futurenergysolar.com\/wp-content\/uploads\/2023\/07\/Paneles-Solares-510w-cuenca-ecuador-262x300.jpg",262,300,true],"woocommerce_single":["https:\/\/futurenergysolar.com\/wp-content\/uploads\/2023\/07\/Paneles-Solares-510w-cuenca-ecuador.jpg",262,386,false],"woocommerce_gallery_thumbnail":["https:\/\/futurenergysolar.com\/wp-content\/uploads\/2023\/07\/Paneles-Solares-510w-cuenca-ecuador-100x100.jpg",100,100,true]},"uagb_author_info":{"display_name":"poweryi","author_link":"https:\/\/futurenergysolar.com\/index.php\/author\/"},"uagb_comment_info":0,"uagb_excerpt":"Alto valor para el cliente \u2022 Menor LCOE (Costo nivelado de energ\u00eda), menor costo de BOS (Balance del sistema), menor tiempo de recuperaci\u00f3n \u2022 Menor degradaci\u00f3n anual y del primer a\u00f1o garantizada \u2022 Dise\u00f1ado para ser compatible con los componentes del sistema principal existente \u2022 Mayor retorno de la inversi\u00f3n Mono Perc de alta potencia&hellip;","_links":{"self":[{"href":"https:\/\/futurenergysolar.com\/index.php\/wp-json\/wp\/v2\/product\/4759"}],"collection":[{"href":"https:\/\/futurenergysolar.com\/index.php\/wp-json\/wp\/v2\/product"}],"about":[{"href":"https:\/\/futurenergysolar.com\/index.php\/wp-json\/wp\/v2\/types\/product"}],"replies":[{"embeddable":true,"href":"https:\/\/futurenergysolar.com\/index.php\/wp-json\/wp\/v2\/comments?post=4759"}],"wp:featuredmedia":[{"embeddable":true,"href":"https:\/\/futurenergysolar.com\/index.php\/wp-json\/wp\/v2\/media\/4760"}],"wp:attachment":[{"href":"https:\/\/futurenergysolar.com\/index.php\/wp-json\/wp\/v2\/media?parent=4759"}],"wp:term":[{"taxonomy":"product_cat","embeddable":true,"href":"https:\/\/futurenergysolar.com\/index.php\/wp-json\/wp\/v2\/product_cat?post=4759"},{"taxonomy":"product_tag","embeddable":true,"href":"https:\/\/futurenergysolar.com\/index.php\/wp-json\/wp\/v2\/product_tag?post=4759"}],"curies":[{"name":"wp","href":"https:\/\/api.w.org\/{rel}","templated":true}]}}