{"id":4756,"date":"2023-07-01T15:24:49","date_gmt":"2023-07-01T15:24:49","guid":{"rendered":"https:\/\/futurenergysolar.com\/?post_type=product&#038;p=4756"},"modified":"2023-07-01T15:26:44","modified_gmt":"2023-07-01T15:26:44","slug":"panel-solar-fotovoltaicos-580w","status":"publish","type":"product","link":"https:\/\/futurenergysolar.com\/index.php\/producto\/panel-solar-fotovoltaicos-580w\/","title":{"rendered":"Panel Solar Fotovoltaicos 580w"},"content":{"rendered":"<p>Alto Valor A\u00f1adido<br \/>\nAlta Potencia hasta 580W<br \/>\nAlta Confiabilidad<br \/>\nAlta Generaci\u00f3n de Energia<br \/>\nM\u00d3DULO MONOCRISTALINO MONOFACIAL<br \/>\n\u2022 Menor LCOE (custo nivelado de la energ\u00eda), reducci\u00f3n del coste<br \/>\nde BOS (Equilibrio del sistema), menor tiempo de amortizaci\u00f3n<br \/>\n\u2022 Baja degrada\u00e7\u00e3o anual y en el primer a\u00f1o;<br \/>\n\u2022 Dise\u00f1ado para la compatibilidad con los componentes<br \/>\nprincipales del sistema existentes<br \/>\n\u2022 Mayor retorno de la inversi\u00f3n<br \/>\n\u2022 Hasta 21.5% de eficiencia del m\u00f3dulo con tecnolog\u00eda de<br \/>\ninterconexi\u00f3n de alta densidad<br \/>\n\u2022 Tecnolog\u00eda Multi-busbar para un mejor efecto de captura de<br \/>\nluz, menor resistencia en serie y una mejor colecci\u00f3n de corriente.<br \/>\n\u2022 Microfisuras minimizadas con innovadora tecnolog\u00eda de corte<br \/>\nno destructivo<br \/>\n\u2022 Resistencia a PID asegurada por el control de materiales y del<br \/>\nproceso de fabricaci\u00f3n<br \/>\n\u2022 Rendimiento mec\u00e1nico hasta 5400 Pa de carga positiva y 2400<br \/>\nPa de carga negativa<br \/>\n\u2022 Excelente desempe\u00f1o IAM (Modificador de \u00c1ngulo Incidente) y<br \/>\nde performance en baja luz validados por terceros<br \/>\n\u2022 El dise\u00f1o \u00fanico proporciona una producci\u00f3n de energ\u00eda<br \/>\noptimizada en condiciones de sombreado entre filas<br \/>\n\u2022 Menor coeficiente de temperatura (-0,34%) y temperatura de<br \/>\nfuncionamiento<\/p>\n","protected":false},"excerpt":{"rendered":"<p>Alto Valor A\u00f1adido Alta Potencia hasta 580W Alta Confiabilidad Alta Generaci\u00f3n de Energia M\u00d3DULO MONOCRISTALINO MONOFACIAL \u2022 Menor LCOE (custo nivelado de la energ\u00eda), reducci\u00f3n del coste de BOS (Equilibrio del sistema), menor tiempo de amortizaci\u00f3n \u2022 Baja degrada\u00e7\u00e3o anual y en el primer a\u00f1o; \u2022 Dise\u00f1ado para la compatibilidad con los componentes principales del &hellip;<\/p>\n<p class=\"read-more\"> <a class=\"\" href=\"https:\/\/futurenergysolar.com\/index.php\/producto\/panel-solar-fotovoltaicos-580w\/\"> <span class=\"screen-reader-text\">Panel Solar Fotovoltaicos 580w<\/span> Leer m\u00e1s &raquo;<\/a><\/p>\n","protected":false},"featured_media":4757,"comment_status":"open","ping_status":"closed","template":"","meta":{"_uag_custom_page_level_css":"","site-sidebar-layout":"default","site-content-layout":"default","ast-global-header-display":"","ast-banner-title-visibility":"","ast-main-header-display":"","ast-hfb-above-header-display":"","ast-hfb-below-header-display":"","ast-hfb-mobile-header-display":"","site-post-title":"","ast-breadcrumbs-content":"","ast-featured-img":"","footer-sml-layout":"","theme-transparent-header-meta":"default","adv-header-id-meta":"","stick-header-meta":"","header-above-stick-meta":"","header-main-stick-meta":"","header-below-stick-meta":""},"product_cat":[34,35],"product_tag":[],"uagb_featured_image_src":{"full":["https:\/\/futurenergysolar.com\/wp-content\/uploads\/2023\/07\/Paneles-Solares-de-Future-Energy-580w.jpg",354,465,false],"thumbnail":["https:\/\/futurenergysolar.com\/wp-content\/uploads\/2023\/07\/Paneles-Solares-de-Future-Energy-580w-150x150.jpg",150,150,true],"medium":["https:\/\/futurenergysolar.com\/wp-content\/uploads\/2023\/07\/Paneles-Solares-de-Future-Energy-580w-228x300.jpg",228,300,true],"medium_large":["https:\/\/futurenergysolar.com\/wp-content\/uploads\/2023\/07\/Paneles-Solares-de-Future-Energy-580w.jpg",354,465,false],"large":["https:\/\/futurenergysolar.com\/wp-content\/uploads\/2023\/07\/Paneles-Solares-de-Future-Energy-580w.jpg",354,465,false],"1536x1536":["https:\/\/futurenergysolar.com\/wp-content\/uploads\/2023\/07\/Paneles-Solares-de-Future-Energy-580w.jpg",354,465,false],"2048x2048":["https:\/\/futurenergysolar.com\/wp-content\/uploads\/2023\/07\/Paneles-Solares-de-Future-Energy-580w.jpg",354,465,false],"mailpoet_newsletter_max":["https:\/\/futurenergysolar.com\/wp-content\/uploads\/2023\/07\/Paneles-Solares-de-Future-Energy-580w.jpg",354,465,false],"woocommerce_thumbnail":["https:\/\/futurenergysolar.com\/wp-content\/uploads\/2023\/07\/Paneles-Solares-de-Future-Energy-580w-300x300.jpg",300,300,true],"woocommerce_single":["https:\/\/futurenergysolar.com\/wp-content\/uploads\/2023\/07\/Paneles-Solares-de-Future-Energy-580w.jpg",354,465,false],"woocommerce_gallery_thumbnail":["https:\/\/futurenergysolar.com\/wp-content\/uploads\/2023\/07\/Paneles-Solares-de-Future-Energy-580w-100x100.jpg",100,100,true]},"uagb_author_info":{"display_name":"poweryi","author_link":"https:\/\/futurenergysolar.com\/index.php\/author\/"},"uagb_comment_info":0,"uagb_excerpt":"Alto Valor A\u00f1adido Alta Potencia hasta 580W Alta Confiabilidad Alta Generaci\u00f3n de Energia M\u00d3DULO MONOCRISTALINO MONOFACIAL \u2022 Menor LCOE (custo nivelado de la energ\u00eda), reducci\u00f3n del coste de BOS (Equilibrio del sistema), menor tiempo de amortizaci\u00f3n \u2022 Baja degrada\u00e7\u00e3o anual y en el primer a\u00f1o; \u2022 Dise\u00f1ado para la compatibilidad con los componentes principales del&hellip;","_links":{"self":[{"href":"https:\/\/futurenergysolar.com\/index.php\/wp-json\/wp\/v2\/product\/4756"}],"collection":[{"href":"https:\/\/futurenergysolar.com\/index.php\/wp-json\/wp\/v2\/product"}],"about":[{"href":"https:\/\/futurenergysolar.com\/index.php\/wp-json\/wp\/v2\/types\/product"}],"replies":[{"embeddable":true,"href":"https:\/\/futurenergysolar.com\/index.php\/wp-json\/wp\/v2\/comments?post=4756"}],"wp:featuredmedia":[{"embeddable":true,"href":"https:\/\/futurenergysolar.com\/index.php\/wp-json\/wp\/v2\/media\/4757"}],"wp:attachment":[{"href":"https:\/\/futurenergysolar.com\/index.php\/wp-json\/wp\/v2\/media?parent=4756"}],"wp:term":[{"taxonomy":"product_cat","embeddable":true,"href":"https:\/\/futurenergysolar.com\/index.php\/wp-json\/wp\/v2\/product_cat?post=4756"},{"taxonomy":"product_tag","embeddable":true,"href":"https:\/\/futurenergysolar.com\/index.php\/wp-json\/wp\/v2\/product_tag?post=4756"}],"curies":[{"name":"wp","href":"https:\/\/api.w.org\/{rel}","templated":true}]}}