{"id":4733,"date":"2023-07-01T13:54:07","date_gmt":"2023-07-01T13:54:07","guid":{"rendered":"https:\/\/futurenergysolar.com\/?post_type=product&#038;p=4733"},"modified":"2023-07-01T13:56:09","modified_gmt":"2023-07-01T13:56:09","slug":"baterias-de-lithium-de-future-energy","status":"publish","type":"product","link":"https:\/\/futurenergysolar.com\/index.php\/producto\/baterias-de-lithium-de-future-energy\/","title":{"rendered":"Baterias de Lithium de Future Energy E-Box-12100"},"content":{"rendered":"<p>Con el auto calentamiento\u00a0inteligente incorporado, puede mantener su bater\u00eda cargada en ambientes fr\u00edos sin esfuerzo.\u00a0El voltaje nominal de 12 V garantiza m\u00e1s de 6000 ciclos de vida, baja generaci\u00f3n de calor y alta eficiencia durante la transmisi\u00f3n de alta potencia.\u00a0El dise\u00f1o modular se escala f\u00e1cilmente para cumplir con una variedad de configuraciones, lo que hace que mejore la eficiencia de carga promedio de sus bater\u00edas a largo plazo.\u00a0El sistema de administraci\u00f3n de bater\u00eda (BMS) de \u00faltima generaci\u00f3n permite funciones de protecci\u00f3n integrales y monitoreo en tiempo real.<\/p>\n<table border=\"0\" cellspacing=\"0\" cellpadding=\"0\">\n<tbody>\n<tr class=\"firstRow\">\n<th><span>Modelo de bater\u00eda<\/span><\/th>\n<th><span>E-BOX 12100<\/span><\/th>\n<\/tr>\n<tr>\n<td><span>Capacidad nominal<\/span><\/td>\n<td><span>100Ah<\/span><\/td>\n<\/tr>\n<tr>\n<td><span>Voltaje nominal<\/span><\/td>\n<td><span>12,8 V CC<\/span><\/td>\n<\/tr>\n<tr>\n<td><span>Rango de voltaje<\/span><\/td>\n<td><span>10,8 V CC ~ 14,4 V CC<\/span><\/td>\n<\/tr>\n<tr>\n<td><span>Corriente m\u00e1xima de carga continua<\/span><\/td>\n<td><span>CC 50A<\/span><\/td>\n<\/tr>\n<tr>\n<td><span>Corriente m\u00e1xima de descarga continua<\/span><\/td>\n<td><span>CC 100A<\/span><\/td>\n<\/tr>\n<tr>\n<td><span>Temperatura de trabajo de carga<\/span><\/td>\n<td><span>14~131\u00b0F<\/span><\/td>\n<\/tr>\n<tr>\n<td><span>Temperatura de trabajo de descarga<\/span><\/td>\n<td><span>-4~131\u00b0F<\/span><\/td>\n<\/tr>\n<tr>\n<td><span>Humedad relativa de funcionamiento\u00a0<\/span><\/td>\n<td><span>0\uff5e95% Sin condensaci\u00f3n<\/span><\/td>\n<\/tr>\n<tr>\n<td><span>Dimensi\u00f3n de la unidad (L*W*H)\u00a0<\/span><\/td>\n<td><span>12,6 pulgadas * 6,5 pulgadas * 7,9 pulgadas<\/span><\/td>\n<\/tr>\n<tr>\n<td><span>Unidad de peso\u00a0<\/span><\/td>\n<td><span>\u226433.6 libras<\/span><\/td>\n<\/tr>\n<tr>\n<td><span>Protecci\u00f3n del medio ambiente\u00a0<\/span><\/td>\n<td><span>IP65<\/span><\/td>\n<\/tr>\n<tr>\n<td><span>Comunicaci\u00f3n BMS<\/span><\/td>\n<td><span>RS485, puede<\/span><\/td>\n<\/tr>\n<tr>\n<td><span>M\u00f3dulos m\u00e1ximos permitidos\u00a0<\/span><\/td>\n<td><span>Se pueden conectar 8 bater\u00edas en un sistema<\/span><\/td>\n<\/tr>\n<tr>\n<td><span>Calefacci\u00f3n<\/span><\/td>\n<td><span>Soportado<\/span><\/td>\n<\/tr>\n<\/tbody>\n<\/table>\n","protected":false},"excerpt":{"rendered":"<p>Con el auto calentamiento\u00a0inteligente incorporado, puede mantener su bater\u00eda cargada en ambientes fr\u00edos sin esfuerzo.<\/p>\n","protected":false},"featured_media":4734,"comment_status":"open","ping_status":"closed","template":"","meta":{"_uag_custom_page_level_css":"","site-sidebar-layout":"default","site-content-layout":"default","ast-global-header-display":"","ast-banner-title-visibility":"","ast-main-header-display":"","ast-hfb-above-header-display":"","ast-hfb-below-header-display":"","ast-hfb-mobile-header-display":"","site-post-title":"","ast-breadcrumbs-content":"","ast-featured-img":"","footer-sml-layout":"","theme-transparent-header-meta":"default","adv-header-id-meta":"","stick-header-meta":"","header-above-stick-meta":"","header-main-stick-meta":"","header-below-stick-meta":""},"product_cat":[23],"product_tag":[],"uagb_featured_image_src":{"full":["https:\/\/futurenergysolar.com\/wp-content\/uploads\/2023\/07\/E-Box-12100.jpg",479,460,false],"thumbnail":["https:\/\/futurenergysolar.com\/wp-content\/uploads\/2023\/07\/E-Box-12100-150x150.jpg",150,150,true],"medium":["https:\/\/futurenergysolar.com\/wp-content\/uploads\/2023\/07\/E-Box-12100-300x288.jpg",300,288,true],"medium_large":["https:\/\/futurenergysolar.com\/wp-content\/uploads\/2023\/07\/E-Box-12100.jpg",479,460,false],"large":["https:\/\/futurenergysolar.com\/wp-content\/uploads\/2023\/07\/E-Box-12100.jpg",479,460,false],"1536x1536":["https:\/\/futurenergysolar.com\/wp-content\/uploads\/2023\/07\/E-Box-12100.jpg",479,460,false],"2048x2048":["https:\/\/futurenergysolar.com\/wp-content\/uploads\/2023\/07\/E-Box-12100.jpg",479,460,false],"mailpoet_newsletter_max":["https:\/\/futurenergysolar.com\/wp-content\/uploads\/2023\/07\/E-Box-12100.jpg",479,460,false],"woocommerce_thumbnail":["https:\/\/futurenergysolar.com\/wp-content\/uploads\/2023\/07\/E-Box-12100-300x300.jpg",300,300,true],"woocommerce_single":["https:\/\/futurenergysolar.com\/wp-content\/uploads\/2023\/07\/E-Box-12100.jpg",479,460,false],"woocommerce_gallery_thumbnail":["https:\/\/futurenergysolar.com\/wp-content\/uploads\/2023\/07\/E-Box-12100-100x100.jpg",100,100,true]},"uagb_author_info":{"display_name":"poweryi","author_link":"https:\/\/futurenergysolar.com\/index.php\/author\/"},"uagb_comment_info":0,"uagb_excerpt":"Con el auto calentamiento\u00a0inteligente incorporado, puede mantener su bater\u00eda cargada en ambientes fr\u00edos sin esfuerzo.","_links":{"self":[{"href":"https:\/\/futurenergysolar.com\/index.php\/wp-json\/wp\/v2\/product\/4733"}],"collection":[{"href":"https:\/\/futurenergysolar.com\/index.php\/wp-json\/wp\/v2\/product"}],"about":[{"href":"https:\/\/futurenergysolar.com\/index.php\/wp-json\/wp\/v2\/types\/product"}],"replies":[{"embeddable":true,"href":"https:\/\/futurenergysolar.com\/index.php\/wp-json\/wp\/v2\/comments?post=4733"}],"wp:featuredmedia":[{"embeddable":true,"href":"https:\/\/futurenergysolar.com\/index.php\/wp-json\/wp\/v2\/media\/4734"}],"wp:attachment":[{"href":"https:\/\/futurenergysolar.com\/index.php\/wp-json\/wp\/v2\/media?parent=4733"}],"wp:term":[{"taxonomy":"product_cat","embeddable":true,"href":"https:\/\/futurenergysolar.com\/index.php\/wp-json\/wp\/v2\/product_cat?post=4733"},{"taxonomy":"product_tag","embeddable":true,"href":"https:\/\/futurenergysolar.com\/index.php\/wp-json\/wp\/v2\/product_tag?post=4733"}],"curies":[{"name":"wp","href":"https:\/\/api.w.org\/{rel}","templated":true}]}}