{"id":4726,"date":"2023-06-30T17:24:07","date_gmt":"2023-06-30T17:24:07","guid":{"rendered":"https:\/\/futurenergysolar.com\/?post_type=product&#038;p=4726"},"modified":"2023-07-03T14:02:51","modified_gmt":"2023-07-03T14:02:51","slug":"4hs-multipower","status":"publish","type":"product","link":"https:\/\/futurenergysolar.com\/index.php\/producto\/4hs-multipower\/","title":{"rendered":"4HS MultiPower"},"content":{"rendered":"<h1>Bombas sumergibles de 4\u201d de velocidad variable<\/h1>\n<p class=\"p1\">Motor magn\u00e9tico s\u00edncrono de im\u00e1n permanente con rotor de ba\u00f1o de agua, estator revestido en acero inoxidable AISI 304.<\/p>\n<p class=\"p1\">Inversor integrado en la bomba accionado en superficie a trav\u00e9s del m\u00f3dulo de control CM.<\/p>\n<p class=\"p1\">Bomba multietapas fabricada completamente en acero inoxidable AISI 304.<\/p>\n<p>&nbsp;<\/p>\n<h1>Un producto listo para usar<\/h1>\n<p>Las bombas sumergibles de la gama 4HS est\u00e1n dise\u00f1adas para ofrecer al cliente un producto listo para el uso y, por lo tanto, se suministran en un kit completo que incluye:<\/p>\n<ul>\n<li>Bomba 4HS con 2,5 metros de cable plano conforme a normas ACS-WRAS-KTM<\/li>\n<li>M\u00f3dulo de control en superficie (CM)<\/li>\n<li>Kit de uni\u00f3n de cable<\/li>\n<li>Sensor de presi\u00f3n de 0-16 bar<\/li>\n<\/ul>\n<p>A petici\u00f3n, los cables de se\u00f1al y alimentaci\u00f3n se suministran en la longitud deseada.<\/p>\n","protected":false},"excerpt":{"rendered":"<p>Motor magn\u00e9tico s\u00edncrono de im\u00e1n permanente con rotor de ba\u00f1o de agua, estator revestido en acero inoxidable AISI 304.<\/p>\n","protected":false},"featured_media":4789,"comment_status":"open","ping_status":"closed","template":"","meta":{"_uag_custom_page_level_css":"","site-sidebar-layout":"default","site-content-layout":"default","ast-global-header-display":"","ast-banner-title-visibility":"","ast-main-header-display":"","ast-hfb-above-header-display":"","ast-hfb-below-header-display":"","ast-hfb-mobile-header-display":"","site-post-title":"","ast-breadcrumbs-content":"","ast-featured-img":"","footer-sml-layout":"","theme-transparent-header-meta":"default","adv-header-id-meta":"","stick-header-meta":"","header-above-stick-meta":"","header-main-stick-meta":"","header-below-stick-meta":""},"product_cat":[32],"product_tag":[],"uagb_featured_image_src":{"full":["https:\/\/futurenergysolar.com\/wp-content\/uploads\/2023\/06\/4HS-MultiPower-1.jpg",242,540,false],"thumbnail":["https:\/\/futurenergysolar.com\/wp-content\/uploads\/2023\/06\/4HS-MultiPower-1-150x150.jpg",150,150,true],"medium":["https:\/\/futurenergysolar.com\/wp-content\/uploads\/2023\/06\/4HS-MultiPower-1-134x300.jpg",134,300,true],"medium_large":["https:\/\/futurenergysolar.com\/wp-content\/uploads\/2023\/06\/4HS-MultiPower-1.jpg",242,540,false],"large":["https:\/\/futurenergysolar.com\/wp-content\/uploads\/2023\/06\/4HS-MultiPower-1.jpg",242,540,false],"1536x1536":["https:\/\/futurenergysolar.com\/wp-content\/uploads\/2023\/06\/4HS-MultiPower-1.jpg",242,540,false],"2048x2048":["https:\/\/futurenergysolar.com\/wp-content\/uploads\/2023\/06\/4HS-MultiPower-1.jpg",242,540,false],"mailpoet_newsletter_max":["https:\/\/futurenergysolar.com\/wp-content\/uploads\/2023\/06\/4HS-MultiPower-1.jpg",242,540,false],"woocommerce_thumbnail":["https:\/\/futurenergysolar.com\/wp-content\/uploads\/2023\/06\/4HS-MultiPower-1-242x300.jpg",242,300,true],"woocommerce_single":["https:\/\/futurenergysolar.com\/wp-content\/uploads\/2023\/06\/4HS-MultiPower-1.jpg",242,540,false],"woocommerce_gallery_thumbnail":["https:\/\/futurenergysolar.com\/wp-content\/uploads\/2023\/06\/4HS-MultiPower-1-100x100.jpg",100,100,true]},"uagb_author_info":{"display_name":"poweryi","author_link":"https:\/\/futurenergysolar.com\/index.php\/author\/"},"uagb_comment_info":0,"uagb_excerpt":"Motor magn\u00e9tico s\u00edncrono de im\u00e1n permanente con rotor de ba\u00f1o de agua, estator revestido en acero inoxidable AISI 304.","_links":{"self":[{"href":"https:\/\/futurenergysolar.com\/index.php\/wp-json\/wp\/v2\/product\/4726"}],"collection":[{"href":"https:\/\/futurenergysolar.com\/index.php\/wp-json\/wp\/v2\/product"}],"about":[{"href":"https:\/\/futurenergysolar.com\/index.php\/wp-json\/wp\/v2\/types\/product"}],"replies":[{"embeddable":true,"href":"https:\/\/futurenergysolar.com\/index.php\/wp-json\/wp\/v2\/comments?post=4726"}],"wp:featuredmedia":[{"embeddable":true,"href":"https:\/\/futurenergysolar.com\/index.php\/wp-json\/wp\/v2\/media\/4789"}],"wp:attachment":[{"href":"https:\/\/futurenergysolar.com\/index.php\/wp-json\/wp\/v2\/media?parent=4726"}],"wp:term":[{"taxonomy":"product_cat","embeddable":true,"href":"https:\/\/futurenergysolar.com\/index.php\/wp-json\/wp\/v2\/product_cat?post=4726"},{"taxonomy":"product_tag","embeddable":true,"href":"https:\/\/futurenergysolar.com\/index.php\/wp-json\/wp\/v2\/product_tag?post=4726"}],"curies":[{"name":"wp","href":"https:\/\/api.w.org\/{rel}","templated":true}]}}