{"id":4672,"date":"2023-06-27T03:39:20","date_gmt":"2023-06-27T03:39:20","guid":{"rendered":"https:\/\/futurenergysolar.com\/?post_type=product&#038;p=4672"},"modified":"2024-02-29T06:56:04","modified_gmt":"2024-02-29T06:56:04","slug":"serie-avr-solar-pip-lv-mr-110-120v","status":"publish","type":"product","link":"https:\/\/futurenergysolar.com\/index.php\/producto\/serie-avr-solar-pip-lv-mr-110-120v\/","title":{"rendered":"Serie AVR solar PIP-LV-MR 110-120v"},"content":{"rendered":"<p><span class=\"VIpgJd-yAWNEb-VIpgJd-fmcmS-sn54Q\">Este LV-MR es una adici\u00f3n \u00fanica y completamente nueva a la familia de inversores\u00a0<\/span><strong><span class=\"VIpgJd-yAWNEb-VIpgJd-fmcmS-sn54Q\">LV (baja tensi\u00f3n 110-120v)\u00a0<\/span><\/strong><span class=\"VIpgJd-yAWNEb-VIpgJd-fmcmS-sn54Q\">.\u00a0<\/span>Dise\u00f1ado para una salida m\u00e1xima de 2,7 kw en un sistema de 24 VCC, otras caracter\u00edsticas notables incluyen\u00a0<strong>Boost \/ Buck AVR (regulador de voltaje autom\u00e1tico),<\/strong>\u00a0por lo que es adecuado para usuarios en pa\u00edses con entrada de red inestable y que requieren una salida de energ\u00eda estable y regulada para cargar, as\u00ed como\u00a0<strong>3 construidos -En puertos USB (2*tipo A, 1*tipo C)<\/strong>\u00a0para una carga r\u00e1pida de su carga USB.\u00a0A continuaci\u00f3n se muestra un diagrama de aplicaci\u00f3n t\u00edpico de este vers\u00e1til inversor solar AVR.<\/p>\n<p>&nbsp;<\/p>\n<p><b>Caracter\u00edsticas<\/b><strong>\u00a0<\/strong><\/p>\n<ul>\n<li><span class=\"VIpgJd-yAWNEb-VIpgJd-fmcmS-sn54Q\">Dise\u00f1o de salida de 110-120 V para demandas de bajo voltaje en EE. UU.\/Am\u00e9rica Latina<\/span><\/li>\n<li>Funcionalidad Boost \/ Buck AVR<\/li>\n<li>Salida m\u00e1xima de onda sinusoidal pura de 2,7 kw<\/li>\n<li>Max 750W \/ 25A Controlador solar MPPT + cargador de utilidad<\/li>\n<li>3 puertos USB integrados (5V, 3A)<\/li>\n<li>sistema de 24 VCC<\/li>\n<li>Par\u00e1metros programables<\/li>\n<li>Voltaje de carga flotante y a granel ajustable<\/li>\n<li>Admite entrada de red o generador (solo generador de tipo inversor)<\/li>\n<li>Protecci\u00f3n contra sobrecarga y cortocircuito<\/li>\n<li>Ligero, f\u00e1cil de instalar.<\/li>\n<li>Software de monitoreo GRATIS<\/li>\n<li>Puertos de comunicaci\u00f3n RS232\/USB<\/li>\n<li>Pantalla LCD + indicadores LED.<\/li>\n<\/ul>\n<div class=\"message-box-title\">Uso del generador como entrada de CA<\/div>\n<div class=\"message-box-content\">\n<p>&nbsp;<\/p>\n<ul>\n<li>Se recomienda que la potencia del generador sea un 50 % mayor que la clasificaci\u00f3n del inversor para reducir las posibilidades de sobrecarga.<\/li>\n<li>El inversor-generador es muy necesario debido a su salida m\u00e1s limpia que los generadores convencionales.\u00a0El inversor puede rechazar la salida inadecuada del gen<\/li>\n<\/ul>\n<\/div>\n","protected":false},"excerpt":{"rendered":"<p><span class=\"VIpgJd-yAWNEb-VIpgJd-fmcmS-sn54Q\">Este LV-MR es una adici\u00f3n \u00fanica y completamente nueva a la familia de inversores\u00a0<\/span><strong><span class=\"VIpgJd-yAWNEb-VIpgJd-fmcmS-sn54Q\">LV (baja tensi\u00f3n 110-120v)\u00a0<\/span><\/strong><span class=\"VIpgJd-yAWNEb-VIpgJd-fmcmS-sn54Q\">.<\/span><\/p>\n<div class=\"message-box-content\">\n<ul>\n<li>erador.<\/li>\n<\/ul>\n<\/div>\n","protected":false},"featured_media":4673,"comment_status":"open","ping_status":"closed","template":"","meta":{"_uag_custom_page_level_css":"","site-sidebar-layout":"default","site-content-layout":"default","ast-global-header-display":"","ast-banner-title-visibility":"","ast-main-header-display":"","ast-hfb-above-header-display":"","ast-hfb-below-header-display":"","ast-hfb-mobile-header-display":"","site-post-title":"","ast-breadcrumbs-content":"","ast-featured-img":"","footer-sml-layout":"","theme-transparent-header-meta":"default","adv-header-id-meta":"","stick-header-meta":"","header-above-stick-meta":"","header-main-stick-meta":"","header-below-stick-meta":""},"product_cat":[26,31],"product_tag":[],"uagb_featured_image_src":{"full":["https:\/\/futurenergysolar.com\/wp-content\/uploads\/2023\/06\/SERIE-AVR.jpg",642,457,false],"thumbnail":["https:\/\/futurenergysolar.com\/wp-content\/uploads\/2023\/06\/SERIE-AVR-150x150.jpg",150,150,true],"medium":["https:\/\/futurenergysolar.com\/wp-content\/uploads\/2023\/06\/SERIE-AVR-300x214.jpg",300,214,true],"medium_large":["https:\/\/futurenergysolar.com\/wp-content\/uploads\/2023\/06\/SERIE-AVR.jpg",642,457,false],"large":["https:\/\/futurenergysolar.com\/wp-content\/uploads\/2023\/06\/SERIE-AVR.jpg",642,457,false],"1536x1536":["https:\/\/futurenergysolar.com\/wp-content\/uploads\/2023\/06\/SERIE-AVR.jpg",642,457,false],"2048x2048":["https:\/\/futurenergysolar.com\/wp-content\/uploads\/2023\/06\/SERIE-AVR.jpg",642,457,false],"mailpoet_newsletter_max":["https:\/\/futurenergysolar.com\/wp-content\/uploads\/2023\/06\/SERIE-AVR.jpg",642,457,false],"woocommerce_thumbnail":["https:\/\/futurenergysolar.com\/wp-content\/uploads\/2023\/06\/SERIE-AVR-300x300.jpg",300,300,true],"woocommerce_single":["https:\/\/futurenergysolar.com\/wp-content\/uploads\/2023\/06\/SERIE-AVR-600x427.jpg",600,427,true],"woocommerce_gallery_thumbnail":["https:\/\/futurenergysolar.com\/wp-content\/uploads\/2023\/06\/SERIE-AVR-100x100.jpg",100,100,true]},"uagb_author_info":{"display_name":"poweryi","author_link":"https:\/\/futurenergysolar.com\/index.php\/author\/"},"uagb_comment_info":1,"uagb_excerpt":"Este LV-MR es una adici\u00f3n \u00fanica y completamente nueva a la familia de inversores\u00a0LV (baja tensi\u00f3n 110-120v)\u00a0. erador.","_links":{"self":[{"href":"https:\/\/futurenergysolar.com\/index.php\/wp-json\/wp\/v2\/product\/4672"}],"collection":[{"href":"https:\/\/futurenergysolar.com\/index.php\/wp-json\/wp\/v2\/product"}],"about":[{"href":"https:\/\/futurenergysolar.com\/index.php\/wp-json\/wp\/v2\/types\/product"}],"replies":[{"embeddable":true,"href":"https:\/\/futurenergysolar.com\/index.php\/wp-json\/wp\/v2\/comments?post=4672"}],"wp:featuredmedia":[{"embeddable":true,"href":"https:\/\/futurenergysolar.com\/index.php\/wp-json\/wp\/v2\/media\/4673"}],"wp:attachment":[{"href":"https:\/\/futurenergysolar.com\/index.php\/wp-json\/wp\/v2\/media?parent=4672"}],"wp:term":[{"taxonomy":"product_cat","embeddable":true,"href":"https:\/\/futurenergysolar.com\/index.php\/wp-json\/wp\/v2\/product_cat?post=4672"},{"taxonomy":"product_tag","embeddable":true,"href":"https:\/\/futurenergysolar.com\/index.php\/wp-json\/wp\/v2\/product_tag?post=4672"}],"curies":[{"name":"wp","href":"https:\/\/api.w.org\/{rel}","templated":true}]}}