{"id":4666,"date":"2023-06-27T02:56:46","date_gmt":"2023-06-27T02:56:46","guid":{"rendered":"https:\/\/futurenergysolar.com\/?post_type=product&#038;p=4666"},"modified":"2023-06-27T02:56:46","modified_gmt":"2023-06-27T02:56:46","slug":"inversor-cargador-growatt-spf-12000t-dvm-12000w","status":"publish","type":"product","link":"https:\/\/futurenergysolar.com\/index.php\/producto\/inversor-cargador-growatt-spf-12000t-dvm-12000w\/","title":{"rendered":"Inversor Cargador Growatt SPF 12000T DVM 12000W"},"content":{"rendered":"<h2>Caracter\u00edsticas del Inversor Cargador Growatt SPF 12000T DVM 12000W<\/h2>\n<p>Las propiedades t\u00e9cnicas que m\u00e1s sobresalen del\u00a0<strong>Inversor Cargador Growatt SPF 12000T DVM 12000W<\/strong>\u00a0son las siguientes:<\/p>\n<p>Este modelo es un\u00a0<a title=\"Inversores Solares\" href=\"https:\/\/autosolar.co\/inversores-solares\" target=\"_blank\" rel=\"noopener\">inversor<\/a>\u00a0de baja frecuencia 120\/240 Vca con sistema de corriente de fase partida. El\u00a0<strong>Inversor Cargador Growatt SPF 12000T DVM 12000W<\/strong>\u00a0lleva integrado un\u00a0<a title=\"Controlador de Carga MPPT\" href=\"https:\/\/autosolar.co\/controladores-de-carga-mppt\" target=\"_blank\" rel=\"noopener\">controlador de carga MPPT<\/a>.<\/p>\n<p>El\u00a0<strong>Inversor Cargador Growatt SPF 12000T DVM 12000W<\/strong>\u00a0posee un sistema de control remoto por conexi\u00f3n inal\u00e1mbrica WiFi o por Servicio General de Paquetes v\u00eda Radio, lo que hace que el arranque, control y vigilancia del convertidor sea mucho m\u00e1s sencilla. Por otra parte,\u00a0<strong>tambi\u00e9n nos permite vigilar al momento el trabajo del dispositivo, la cantidad de energ\u00eda solar obtenida y otros datos sin coste y de forma simple.<\/strong><\/p>\n<p>El\u00a0<strong>Inversor Cargador Growatt SPF 12000T DVM 12000W<\/strong>\u00a0incluye un transformador de corriente de baja frecuencia formado por cobre puro. Integra adem\u00e1s un servicio inteligente y un control de los factores de trabajo a trav\u00e9s del interruptor de la pantalla de cristal l\u00edquido, por lo que, al contrario que otros\u00a0<a title=\"Inversores Solares\" href=\"https:\/\/autosolar.co\/inversores-solares\" target=\"_blank\" rel=\"noopener\">inversores<\/a>, no necesita de ning\u00fan otro instrumento o app independiente para el control del\u00a0<strong>Inversor Cargador Growatt SPF 12000T DVM 12000W<\/strong>\u00a0con los datos concordantes.<\/p>\n<h2>Instalaci\u00f3n del Inversor Cargador Growatt SPF 12000T DVM 12000W<\/h2>\n<p>Por las propiedades y la dificultad t\u00e9cnica del\u00a0<strong>Inversor Cargador Growatt SPF 12000T DVM 12000W<\/strong>, se aconseja que realice el montaje y puesta en marcha un t\u00e9cnico ya que, adem\u00e1s de su adecuada utilizaci\u00f3n, el\u00a0<strong>Inversor Cargador Growatt SPF 12000T DVM 12000W<\/strong>\u00a0debe ser puesto en marcha siguiendo todas las especificaciones de la empresa productora.\u00a0<strong>Hay que tener en cuenta que la garant\u00eda nunca cubrir\u00e1 una inadecuada puesta en marcha o montaje.<\/strong><\/p>\n<h2>Comprar Inversor Cargador Growatt SPF 12000T DVM 12000W en Colombia<\/h2>\n<p>El\u00a0<strong>Inversor Cargador Growatt SPF 12000T DVM 12000W<\/strong>\u00a0posee unas caracter\u00edsticas y propiedades t\u00e9cnicas inmejorables pero, adem\u00e1s, posee una larga vida \u00fatil. Adquiera el\u00a0<strong>Inversor Cargador Growatt SPF 12000T DVM 12000W<\/strong>\u00a0en AutoSolar con un coste excelente. Por otra parte, puede ponerse en contacto con nuestro equipo t\u00e9cnico experto para resolver cualquiera de sus dudas sin ning\u00fan tipo de compromiso.<\/p>\n","protected":false},"excerpt":{"rendered":"<p>Este modelo es un\u00a0<a title=\"Inversores Solares\" href=\"https:\/\/autosolar.co\/inversores-solares\" target=\"_blank\" rel=\"noopener\">inversor<\/a>\u00a0de baja frecuencia 120\/240 Vca con sistema de corriente de fase partida. El\u00a0<strong>Inversor Cargador Growatt SPF 12000T DVM 12000W<\/strong>\u00a0lleva integrado un\u00a0<a title=\"Controlador de Carga MPPT\" href=\"https:\/\/autosolar.co\/controladores-de-carga-mppt\" target=\"_blank\" rel=\"noopener\">controlador de carga MPPT<\/a>.<\/p>\n","protected":false},"featured_media":4660,"comment_status":"open","ping_status":"closed","template":"","meta":{"_uag_custom_page_level_css":"","site-sidebar-layout":"default","site-content-layout":"default","ast-global-header-display":"","ast-banner-title-visibility":"","ast-main-header-display":"","ast-hfb-above-header-display":"","ast-hfb-below-header-display":"","ast-hfb-mobile-header-display":"","site-post-title":"","ast-breadcrumbs-content":"","ast-featured-img":"","footer-sml-layout":"","theme-transparent-header-meta":"default","adv-header-id-meta":"","stick-header-meta":"","header-above-stick-meta":"","header-main-stick-meta":"","header-below-stick-meta":""},"product_cat":[31],"product_tag":[],"uagb_featured_image_src":{"full":["https:\/\/futurenergysolar.com\/wp-content\/uploads\/2023\/06\/Inversor-solares-Cargadores-Cuenca-Ecuador.jpg",274,267,false],"thumbnail":["https:\/\/futurenergysolar.com\/wp-content\/uploads\/2023\/06\/Inversor-solares-Cargadores-Cuenca-Ecuador-150x150.jpg",150,150,true],"medium":["https:\/\/futurenergysolar.com\/wp-content\/uploads\/2023\/06\/Inversor-solares-Cargadores-Cuenca-Ecuador.jpg",274,267,false],"medium_large":["https:\/\/futurenergysolar.com\/wp-content\/uploads\/2023\/06\/Inversor-solares-Cargadores-Cuenca-Ecuador.jpg",274,267,false],"large":["https:\/\/futurenergysolar.com\/wp-content\/uploads\/2023\/06\/Inversor-solares-Cargadores-Cuenca-Ecuador.jpg",274,267,false],"1536x1536":["https:\/\/futurenergysolar.com\/wp-content\/uploads\/2023\/06\/Inversor-solares-Cargadores-Cuenca-Ecuador.jpg",274,267,false],"2048x2048":["https:\/\/futurenergysolar.com\/wp-content\/uploads\/2023\/06\/Inversor-solares-Cargadores-Cuenca-Ecuador.jpg",274,267,false],"mailpoet_newsletter_max":["https:\/\/futurenergysolar.com\/wp-content\/uploads\/2023\/06\/Inversor-solares-Cargadores-Cuenca-Ecuador.jpg",274,267,false],"woocommerce_thumbnail":["https:\/\/futurenergysolar.com\/wp-content\/uploads\/2023\/06\/Inversor-solares-Cargadores-Cuenca-Ecuador.jpg",274,267,false],"woocommerce_single":["https:\/\/futurenergysolar.com\/wp-content\/uploads\/2023\/06\/Inversor-solares-Cargadores-Cuenca-Ecuador.jpg",274,267,false],"woocommerce_gallery_thumbnail":["https:\/\/futurenergysolar.com\/wp-content\/uploads\/2023\/06\/Inversor-solares-Cargadores-Cuenca-Ecuador-100x100.jpg",100,100,true]},"uagb_author_info":{"display_name":"poweryi","author_link":"https:\/\/futurenergysolar.com\/index.php\/author\/"},"uagb_comment_info":0,"uagb_excerpt":"Este modelo es un\u00a0inversor\u00a0de baja frecuencia 120\/240 Vca con sistema de corriente de fase partida. El\u00a0Inversor Cargador Growatt SPF 12000T DVM 12000W\u00a0lleva integrado un\u00a0controlador de carga MPPT.","_links":{"self":[{"href":"https:\/\/futurenergysolar.com\/index.php\/wp-json\/wp\/v2\/product\/4666"}],"collection":[{"href":"https:\/\/futurenergysolar.com\/index.php\/wp-json\/wp\/v2\/product"}],"about":[{"href":"https:\/\/futurenergysolar.com\/index.php\/wp-json\/wp\/v2\/types\/product"}],"replies":[{"embeddable":true,"href":"https:\/\/futurenergysolar.com\/index.php\/wp-json\/wp\/v2\/comments?post=4666"}],"wp:featuredmedia":[{"embeddable":true,"href":"https:\/\/futurenergysolar.com\/index.php\/wp-json\/wp\/v2\/media\/4660"}],"wp:attachment":[{"href":"https:\/\/futurenergysolar.com\/index.php\/wp-json\/wp\/v2\/media?parent=4666"}],"wp:term":[{"taxonomy":"product_cat","embeddable":true,"href":"https:\/\/futurenergysolar.com\/index.php\/wp-json\/wp\/v2\/product_cat?post=4666"},{"taxonomy":"product_tag","embeddable":true,"href":"https:\/\/futurenergysolar.com\/index.php\/wp-json\/wp\/v2\/product_tag?post=4666"}],"curies":[{"name":"wp","href":"https:\/\/api.w.org\/{rel}","templated":true}]}}