{"id":4663,"date":"2023-06-27T02:44:03","date_gmt":"2023-06-27T02:44:03","guid":{"rendered":"https:\/\/futurenergysolar.com\/?post_type=product&#038;p=4663"},"modified":"2023-06-27T02:45:10","modified_gmt":"2023-06-27T02:45:10","slug":"spf-4000-12000t-dvm-mpv","status":"publish","type":"product","link":"https:\/\/futurenergysolar.com\/index.php\/producto\/spf-4000-12000t-dvm-mpv\/","title":{"rendered":"SPF 4000-12000T DVM\/-MPV"},"content":{"rendered":"<p>&#8211; Factor de potencia de salida de hasta 1,0<\/p>\n<p>&#8211; Capacidad para soportar 2 veces la potencia m\u00e1xima<\/p>\n<p>&#8211; Salida de tensi\u00f3n doble.<\/p>\n<p>&#8211; Modos multiadaptados para diversos contextos<\/p>\n<p>&#8211; Admite m\u00faltiples fuentes de energ\u00eda, como la FV, la bater\u00eda, el generador di\u00e9sel y la red el\u00e9ctrica.<\/p>\n<p>&#8211; Compatible con bater\u00edas de litio, plomo-\u00e1cido y de GEL.<\/p>\n<p>&#8211; Admite comunicaci\u00f3n wifi y GPRS para habilitar una monitorizaci\u00f3n remota<\/p>\n<p>&#8211; Plataforma PVkeeper para permitir la puesta en servicio local<\/p>\n<p>&#8211; Transformador de baja frecuencia integrado<\/p>\n","protected":false},"excerpt":{"rendered":"<p>El inversor de la serie de baja frecuencia SPF incorpora un potente transformador que tiene la prestaci\u00f3n de cargas de impacto, como bombas, motores y algunos dispositivos de par elevado.<\/p>\n","protected":false},"featured_media":4664,"comment_status":"open","ping_status":"closed","template":"","meta":{"_uag_custom_page_level_css":"","site-sidebar-layout":"default","site-content-layout":"default","ast-global-header-display":"","ast-banner-title-visibility":"","ast-main-header-display":"","ast-hfb-above-header-display":"","ast-hfb-below-header-display":"","ast-hfb-mobile-header-display":"","site-post-title":"","ast-breadcrumbs-content":"","ast-featured-img":"","footer-sml-layout":"","theme-transparent-header-meta":"default","adv-header-id-meta":"","stick-header-meta":"","header-above-stick-meta":"","header-main-stick-meta":"","header-below-stick-meta":""},"product_cat":[31],"product_tag":[],"uagb_featured_image_src":{"full":["https:\/\/futurenergysolar.com\/wp-content\/uploads\/2023\/06\/Inversor-solares-Cargadores-Growatt-SPF-4000T-A-12000T-DVM-Cuenca-Ecuador.jpg",441,473,false],"thumbnail":["https:\/\/futurenergysolar.com\/wp-content\/uploads\/2023\/06\/Inversor-solares-Cargadores-Growatt-SPF-4000T-A-12000T-DVM-Cuenca-Ecuador-150x150.jpg",150,150,true],"medium":["https:\/\/futurenergysolar.com\/wp-content\/uploads\/2023\/06\/Inversor-solares-Cargadores-Growatt-SPF-4000T-A-12000T-DVM-Cuenca-Ecuador-280x300.jpg",280,300,true],"medium_large":["https:\/\/futurenergysolar.com\/wp-content\/uploads\/2023\/06\/Inversor-solares-Cargadores-Growatt-SPF-4000T-A-12000T-DVM-Cuenca-Ecuador.jpg",441,473,false],"large":["https:\/\/futurenergysolar.com\/wp-content\/uploads\/2023\/06\/Inversor-solares-Cargadores-Growatt-SPF-4000T-A-12000T-DVM-Cuenca-Ecuador.jpg",441,473,false],"1536x1536":["https:\/\/futurenergysolar.com\/wp-content\/uploads\/2023\/06\/Inversor-solares-Cargadores-Growatt-SPF-4000T-A-12000T-DVM-Cuenca-Ecuador.jpg",441,473,false],"2048x2048":["https:\/\/futurenergysolar.com\/wp-content\/uploads\/2023\/06\/Inversor-solares-Cargadores-Growatt-SPF-4000T-A-12000T-DVM-Cuenca-Ecuador.jpg",441,473,false],"mailpoet_newsletter_max":["https:\/\/futurenergysolar.com\/wp-content\/uploads\/2023\/06\/Inversor-solares-Cargadores-Growatt-SPF-4000T-A-12000T-DVM-Cuenca-Ecuador.jpg",441,473,false],"woocommerce_thumbnail":["https:\/\/futurenergysolar.com\/wp-content\/uploads\/2023\/06\/Inversor-solares-Cargadores-Growatt-SPF-4000T-A-12000T-DVM-Cuenca-Ecuador-300x300.jpg",300,300,true],"woocommerce_single":["https:\/\/futurenergysolar.com\/wp-content\/uploads\/2023\/06\/Inversor-solares-Cargadores-Growatt-SPF-4000T-A-12000T-DVM-Cuenca-Ecuador.jpg",441,473,false],"woocommerce_gallery_thumbnail":["https:\/\/futurenergysolar.com\/wp-content\/uploads\/2023\/06\/Inversor-solares-Cargadores-Growatt-SPF-4000T-A-12000T-DVM-Cuenca-Ecuador-100x100.jpg",100,100,true]},"uagb_author_info":{"display_name":"poweryi","author_link":"https:\/\/futurenergysolar.com\/index.php\/author\/"},"uagb_comment_info":0,"uagb_excerpt":"El inversor de la serie de baja frecuencia SPF incorpora un potente transformador que tiene la prestaci\u00f3n de cargas de impacto, como bombas, motores y algunos dispositivos de par elevado.","_links":{"self":[{"href":"https:\/\/futurenergysolar.com\/index.php\/wp-json\/wp\/v2\/product\/4663"}],"collection":[{"href":"https:\/\/futurenergysolar.com\/index.php\/wp-json\/wp\/v2\/product"}],"about":[{"href":"https:\/\/futurenergysolar.com\/index.php\/wp-json\/wp\/v2\/types\/product"}],"replies":[{"embeddable":true,"href":"https:\/\/futurenergysolar.com\/index.php\/wp-json\/wp\/v2\/comments?post=4663"}],"wp:featuredmedia":[{"embeddable":true,"href":"https:\/\/futurenergysolar.com\/index.php\/wp-json\/wp\/v2\/media\/4664"}],"wp:attachment":[{"href":"https:\/\/futurenergysolar.com\/index.php\/wp-json\/wp\/v2\/media?parent=4663"}],"wp:term":[{"taxonomy":"product_cat","embeddable":true,"href":"https:\/\/futurenergysolar.com\/index.php\/wp-json\/wp\/v2\/product_cat?post=4663"},{"taxonomy":"product_tag","embeddable":true,"href":"https:\/\/futurenergysolar.com\/index.php\/wp-json\/wp\/v2\/product_tag?post=4663"}],"curies":[{"name":"wp","href":"https:\/\/api.w.org\/{rel}","templated":true}]}}