{"id":4627,"date":"2023-06-24T17:43:15","date_gmt":"2023-06-24T17:43:15","guid":{"rendered":"https:\/\/futurenergysolar.com\/?post_type=product&#038;p=4627"},"modified":"2026-01-09T16:24:26","modified_gmt":"2026-01-09T21:24:26","slug":"sumpad","status":"publish","type":"product","link":"https:\/\/futurenergysolar.com\/index.php\/producto\/sumpad\/","title":{"rendered":"SUMPAD"},"content":{"rendered":"<p><strong><span>El calentador de agua solar m\u00e1s revolucionario del mundo.<\/span><\/strong><br \/>\n<span>SUNPAD es m\u00e1s econ\u00f3mico, m\u00e1s f\u00e1cil de usar, m\u00e1s innovador y m\u00e1s est\u00e9tico que cualquier sistema colector anterior.<\/span><br \/>\n<span>Nuestro sistema compacto todo en uno garantiza agua caliente tratada de forma sostenible al mejor precio y es la simbiosis perfecta entre innovaci\u00f3n, dise\u00f1o y usabilidad.<\/span><\/p>\n<p>Gracias al reducido n\u00famero de componentes, el sistema pr\u00e1cticamente no requiere mantenimiento. El n\u00facleo del sistema es el tanque de almacenamiento de calor. Contiene 150 litros de agua. El tanque se fabrica utilizando la \u00faltima tecnolog\u00eda de soldadura l\u00e1ser.<\/p>\n<p>El recubrimiento solar especial sobre la superfi cie del tanque hace que el fl uido t\u00e9rmico del tanque se caliente al exponerse a la radiacion del sol. La energ\u00eda solar incidente se transmite al agua directamente y sin p\u00e9rdidas. Esto signifi ca que el sistema proporciona 150 litros de fl uido t\u00e9rmico a lo largo del d\u00eda a hasta 85 grados cent\u00edgrados (seg\u00fan la zona clim\u00e1tica y el entorno local).<\/p>\n","protected":false},"excerpt":{"rendered":"<p><strong><span>El calentador de agua solar m\u00e1s revolucionario del mundo.<\/span><\/strong><\/p>\n","protected":false},"featured_media":4628,"comment_status":"open","ping_status":"closed","template":"","meta":{"_uag_custom_page_level_css":"","site-sidebar-layout":"default","site-content-layout":"plain-container","ast-global-header-display":"","ast-banner-title-visibility":"","ast-main-header-display":"","ast-hfb-above-header-display":"","ast-hfb-below-header-display":"","ast-hfb-mobile-header-display":"","site-post-title":"","ast-breadcrumbs-content":"","ast-featured-img":"","footer-sml-layout":"","theme-transparent-header-meta":"default","adv-header-id-meta":"","stick-header-meta":"","header-above-stick-meta":"","header-main-stick-meta":"","header-below-stick-meta":""},"product_cat":[28],"product_tag":[],"uagb_featured_image_src":{"full":["https:\/\/futurenergysolar.com\/wp-content\/uploads\/2023\/06\/Sunpad-calentador-termico-de-agua.jpg",459,457,false],"thumbnail":["https:\/\/futurenergysolar.com\/wp-content\/uploads\/2023\/06\/Sunpad-calentador-termico-de-agua-150x150.jpg",150,150,true],"medium":["https:\/\/futurenergysolar.com\/wp-content\/uploads\/2023\/06\/Sunpad-calentador-termico-de-agua-300x300.jpg",300,300,true],"medium_large":["https:\/\/futurenergysolar.com\/wp-content\/uploads\/2023\/06\/Sunpad-calentador-termico-de-agua.jpg",459,457,false],"large":["https:\/\/futurenergysolar.com\/wp-content\/uploads\/2023\/06\/Sunpad-calentador-termico-de-agua.jpg",459,457,false],"1536x1536":["https:\/\/futurenergysolar.com\/wp-content\/uploads\/2023\/06\/Sunpad-calentador-termico-de-agua.jpg",459,457,false],"2048x2048":["https:\/\/futurenergysolar.com\/wp-content\/uploads\/2023\/06\/Sunpad-calentador-termico-de-agua.jpg",459,457,false],"mailpoet_newsletter_max":["https:\/\/futurenergysolar.com\/wp-content\/uploads\/2023\/06\/Sunpad-calentador-termico-de-agua.jpg",459,457,false],"woocommerce_thumbnail":["https:\/\/futurenergysolar.com\/wp-content\/uploads\/2023\/06\/Sunpad-calentador-termico-de-agua-300x300.jpg",300,300,true],"woocommerce_single":["https:\/\/futurenergysolar.com\/wp-content\/uploads\/2023\/06\/Sunpad-calentador-termico-de-agua.jpg",459,457,false],"woocommerce_gallery_thumbnail":["https:\/\/futurenergysolar.com\/wp-content\/uploads\/2023\/06\/Sunpad-calentador-termico-de-agua-100x100.jpg",100,100,true]},"uagb_author_info":{"display_name":"poweryi","author_link":"https:\/\/futurenergysolar.com\/index.php\/author\/"},"uagb_comment_info":7,"uagb_excerpt":"El calentador de agua solar m\u00e1s revolucionario del mundo.","_links":{"self":[{"href":"https:\/\/futurenergysolar.com\/index.php\/wp-json\/wp\/v2\/product\/4627"}],"collection":[{"href":"https:\/\/futurenergysolar.com\/index.php\/wp-json\/wp\/v2\/product"}],"about":[{"href":"https:\/\/futurenergysolar.com\/index.php\/wp-json\/wp\/v2\/types\/product"}],"replies":[{"embeddable":true,"href":"https:\/\/futurenergysolar.com\/index.php\/wp-json\/wp\/v2\/comments?post=4627"}],"wp:featuredmedia":[{"embeddable":true,"href":"https:\/\/futurenergysolar.com\/index.php\/wp-json\/wp\/v2\/media\/4628"}],"wp:attachment":[{"href":"https:\/\/futurenergysolar.com\/index.php\/wp-json\/wp\/v2\/media?parent=4627"}],"wp:term":[{"taxonomy":"product_cat","embeddable":true,"href":"https:\/\/futurenergysolar.com\/index.php\/wp-json\/wp\/v2\/product_cat?post=4627"},{"taxonomy":"product_tag","embeddable":true,"href":"https:\/\/futurenergysolar.com\/index.php\/wp-json\/wp\/v2\/product_tag?post=4627"}],"curies":[{"name":"wp","href":"https:\/\/api.w.org\/{rel}","templated":true}]}}