{"id":4600,"date":"2023-06-23T21:46:58","date_gmt":"2023-06-23T21:46:58","guid":{"rendered":"https:\/\/futurenergysolar.com\/?post_type=product&#038;p=4600"},"modified":"2023-06-27T03:10:27","modified_gmt":"2023-06-27T03:10:27","slug":"upower-hi-series110-120vac-20003000w-inversor-cargador","status":"publish","type":"product","link":"https:\/\/futurenergysolar.com\/index.php\/producto\/upower-hi-series110-120vac-20003000w-inversor-cargador\/","title":{"rendered":"UPower-HI Series(110\/120VAC) 2000~3000W Inversor\/Cargador"},"content":{"rendered":"<p>UPower-Hi series Es un Inversor Cargador que soporta diversos Fuentes de energias de<br \/>\napoyo optional. Generador Electrico Red Electrico Molinos Eolicos<br \/>\nAdmite el modo de bater\u00eda o el modo sin bater\u00eda<br \/>\nProtecciones de sobretensi\u00f3n y conexi\u00f3n inversa para soportar perfectamente el sistema<br \/>\nde bater\u00eda de litio<br \/>\nTres modos de carga: solo Solar, prioridad Solar, utilidad y Solar<br \/>\nDos modos de salida de CA: Prioridad de utilidad y prioridad del inversor<br \/>\nAlta eficiencia DE SEGUIMIENTO DE MPPT no menos del 99.5%<br \/>\nTecnolog\u00eda PFC que logra un alto factor de potencia de carga de CA a CC y reduce el uso<br \/>\nde energ\u00eda.<br \/>\nCapacidad de la red<br \/>\nTecnolog\u00eda SPWM avanzada y salida de onda sinusoidal pura<br \/>\nCorriente de carga y descarga de bater\u00eda Configurable<br \/>\nCorriente de carga de rejilla Configurable<br \/>\nFunci\u00f3n SOC de autoaprendizaje<br \/>\nLCD de 4,2 pulgadas para monitorizar y modificar los par\u00e1metros del sistema<br \/>\nControl remoto WiFi o GPRS opcional a trav\u00e9s del puerto de comunicaci\u00f3n aislado RS485<br \/>\nPuerto bms-link y m\u00f3dulo opcional de protocolo de comunicaci\u00f3n bms-link.<\/p>\n","protected":false},"excerpt":{"rendered":"<p>UPower-Hi series Es un Inversor Cargador que soporta diversos Fuentes de energias de apoyo optional. Generador Electrico Red Electrico Molinos Eolicos Admite el modo de bater\u00eda o el modo sin bater\u00eda Protecciones de sobretensi\u00f3n y conexi\u00f3n inversa para soportar perfectamente el sistema de bater\u00eda de litio Tres modos de carga: solo Solar, prioridad Solar, utilidad &hellip;<\/p>\n<p class=\"read-more\"> <a class=\"\" href=\"https:\/\/futurenergysolar.com\/index.php\/producto\/upower-hi-series110-120vac-20003000w-inversor-cargador\/\"> <span class=\"screen-reader-text\">UPower-HI Series(110\/120VAC) 2000~3000W Inversor\/Cargador<\/span> Leer m\u00e1s &raquo;<\/a><\/p>\n","protected":false},"featured_media":4601,"comment_status":"open","ping_status":"closed","template":"","meta":{"_uag_custom_page_level_css":"","site-sidebar-layout":"default","site-content-layout":"default","ast-global-header-display":"","ast-banner-title-visibility":"","ast-main-header-display":"","ast-hfb-above-header-display":"","ast-hfb-below-header-display":"","ast-hfb-mobile-header-display":"","site-post-title":"","ast-breadcrumbs-content":"","ast-featured-img":"","footer-sml-layout":"","theme-transparent-header-meta":"default","adv-header-id-meta":"","stick-header-meta":"","header-above-stick-meta":"","header-main-stick-meta":"","header-below-stick-meta":""},"product_cat":[31],"product_tag":[],"uagb_featured_image_src":{"full":["https:\/\/futurenergysolar.com\/wp-content\/uploads\/2023\/06\/UPOWER-HI-Series-Cuenca-Ecuador.jpg",459,457,false],"thumbnail":["https:\/\/futurenergysolar.com\/wp-content\/uploads\/2023\/06\/UPOWER-HI-Series-Cuenca-Ecuador-150x150.jpg",150,150,true],"medium":["https:\/\/futurenergysolar.com\/wp-content\/uploads\/2023\/06\/UPOWER-HI-Series-Cuenca-Ecuador-300x300.jpg",300,300,true],"medium_large":["https:\/\/futurenergysolar.com\/wp-content\/uploads\/2023\/06\/UPOWER-HI-Series-Cuenca-Ecuador.jpg",459,457,false],"large":["https:\/\/futurenergysolar.com\/wp-content\/uploads\/2023\/06\/UPOWER-HI-Series-Cuenca-Ecuador.jpg",459,457,false],"1536x1536":["https:\/\/futurenergysolar.com\/wp-content\/uploads\/2023\/06\/UPOWER-HI-Series-Cuenca-Ecuador.jpg",459,457,false],"2048x2048":["https:\/\/futurenergysolar.com\/wp-content\/uploads\/2023\/06\/UPOWER-HI-Series-Cuenca-Ecuador.jpg",459,457,false],"mailpoet_newsletter_max":["https:\/\/futurenergysolar.com\/wp-content\/uploads\/2023\/06\/UPOWER-HI-Series-Cuenca-Ecuador.jpg",459,457,false],"woocommerce_thumbnail":["https:\/\/futurenergysolar.com\/wp-content\/uploads\/2023\/06\/UPOWER-HI-Series-Cuenca-Ecuador-300x300.jpg",300,300,true],"woocommerce_single":["https:\/\/futurenergysolar.com\/wp-content\/uploads\/2023\/06\/UPOWER-HI-Series-Cuenca-Ecuador.jpg",459,457,false],"woocommerce_gallery_thumbnail":["https:\/\/futurenergysolar.com\/wp-content\/uploads\/2023\/06\/UPOWER-HI-Series-Cuenca-Ecuador-100x100.jpg",100,100,true]},"uagb_author_info":{"display_name":"poweryi","author_link":"https:\/\/futurenergysolar.com\/index.php\/author\/"},"uagb_comment_info":0,"uagb_excerpt":"UPower-Hi series Es un Inversor Cargador que soporta diversos Fuentes de energias de apoyo optional. Generador Electrico Red Electrico Molinos Eolicos Admite el modo de bater\u00eda o el modo sin bater\u00eda Protecciones de sobretensi\u00f3n y conexi\u00f3n inversa para soportar perfectamente el sistema de bater\u00eda de litio Tres modos de carga: solo Solar, prioridad Solar, utilidad&hellip;","_links":{"self":[{"href":"https:\/\/futurenergysolar.com\/index.php\/wp-json\/wp\/v2\/product\/4600"}],"collection":[{"href":"https:\/\/futurenergysolar.com\/index.php\/wp-json\/wp\/v2\/product"}],"about":[{"href":"https:\/\/futurenergysolar.com\/index.php\/wp-json\/wp\/v2\/types\/product"}],"replies":[{"embeddable":true,"href":"https:\/\/futurenergysolar.com\/index.php\/wp-json\/wp\/v2\/comments?post=4600"}],"wp:featuredmedia":[{"embeddable":true,"href":"https:\/\/futurenergysolar.com\/index.php\/wp-json\/wp\/v2\/media\/4601"}],"wp:attachment":[{"href":"https:\/\/futurenergysolar.com\/index.php\/wp-json\/wp\/v2\/media?parent=4600"}],"wp:term":[{"taxonomy":"product_cat","embeddable":true,"href":"https:\/\/futurenergysolar.com\/index.php\/wp-json\/wp\/v2\/product_cat?post=4600"},{"taxonomy":"product_tag","embeddable":true,"href":"https:\/\/futurenergysolar.com\/index.php\/wp-json\/wp\/v2\/product_tag?post=4600"}],"curies":[{"name":"wp","href":"https:\/\/api.w.org\/{rel}","templated":true}]}}