{"id":4512,"date":"2023-06-23T02:54:00","date_gmt":"2023-06-23T02:54:00","guid":{"rendered":"https:\/\/futurenergysolar.com\/?post_type=product&#038;p=4512"},"modified":"2025-05-10T03:32:40","modified_gmt":"2025-05-10T08:32:40","slug":"inversor-solar-110-120v-baja-tension","status":"publish","type":"product","link":"https:\/\/futurenergysolar.com\/index.php\/producto\/inversor-solar-110-120v-baja-tension\/","title":{"rendered":"Inversor Solar 110\/120V Baja Tensi\u00f3n"},"content":{"rendered":"<p class=\"text\"><span class=\"VIpgJd-yAWNEb-VIpgJd-fmcmS-sn54Q\">Esta nueva serie especial\u00a0<\/span><span class=\"VIpgJd-yAWNEb-VIpgJd-fmcmS-sn54Q\">de bajo voltaje de 110v\/120v<\/span><span class=\"VIpgJd-yAWNEb-VIpgJd-fmcmS-sn54Q\">\u00a0est\u00e1 dise\u00f1ada con un enfoque especial para pa\u00edses como EE. UU., Canad\u00e1, Puerto Rico y otras regiones que utilizan principalmente una carga de 110V\/120V sin necesidad de un transformador reductor externo.\u00a0\u00a0<\/span><strong>Tenga cuidado de que esta unidad NO funcione con una carga de 220-240v.<\/strong><\/p>\n<p class=\"text\">Disponible de 800w a 2400w\u00a0,\u00a0todos\u00a0los modelos de esta serie vienen con cargador solar MPPT o PWM y tambi\u00e9n ofrecen monitoreo gratuito en la PC que se incluye con la compra.\u00a0La funci\u00f3n apilable de hasta 6 unidades como m\u00e1ximo est\u00e1 disponible solo en 2424LV-HS y 2424LV-MSD, lo que aumenta la capacidad de salida m\u00e1xima hasta 2,4 KW x 6 = 14,4 KW.\u00a0A continuaci\u00f3n se muestra un diagrama simple que ilustra la configuraci\u00f3n en paralelo, y tambi\u00e9n se requiere un kit paralelo (se vende por separado) en cada unidad inversora.<\/p>\n<p><b>Caracter\u00edsticas<\/b><\/p>\n<ul>\n<li><span><span class=\"\">\u00a1NUEVO!\u00a0<\/span>1012LV-MS ahora est\u00e1 disponible como una versi\u00f3n PF1.0 actualizada del 812LV-MS anterior.\u00a0La salida m\u00e1xima ahora es 1KW.<\/span><\/li>\n<li><span>Dise\u00f1o de salida ajustable de 110 V\/120 V para mercados est\u00e1ndar de bajo voltaje como EE. UU., Canad\u00e1<\/span><\/li>\n<li><span>Apilable: admite el funcionamiento en paralelo de hasta 6 unidades (solo en 2424LV-HS, 2424LV-MSD)<\/span><\/li>\n<li><span>Inversor de onda sinusoidal pura con un m\u00e1ximo de 50 A PWM incorporado o un m\u00e1ximo de hasta 80 A MPPT controlador solar<\/span><\/li>\n<li><span>Compatibilidad con 50 Hz y 60 Hz<\/span><\/li>\n<li><span>Rango de voltaje de entrada de CA seleccionable seg\u00fan el tipo de carga<\/span><\/li>\n<li><span>Par\u00e1metros programables<\/span><\/li>\n<li><span>Max hasta 60A de carga de servicios p\u00fablicos<\/span><\/li>\n<li><span>Voltaje de carga flotante y a granel ajustable<\/span><\/li>\n<li><span>Admite entrada de red o generador<\/span><\/li>\n<li><span>Contacto seco del arrancador del grupo electr\u00f3geno<\/span><\/li>\n<li><span>Protecci\u00f3n contra sobrecarga y cortocircuito<\/span><\/li>\n<li><span>Ligero, f\u00e1cil de instalar.<\/span><\/li>\n<li><span>Software de monitoreo GRATIS<\/span><\/li>\n<li><span>Pantalla LCD + indicadores LED<\/span><\/li>\n<li><span>Interfaz de comunicaci\u00f3n RS232\/USB.<\/span><\/li>\n<\/ul>\n<div class=\"message-box-title\"><span><span class=\"\">Uso del generador como entrada de CA<\/span><\/span><\/div>\n<div class=\"message-box-content\">\n<p>&nbsp;<\/p>\n<ul>\n<li><span>Se recomienda que la potencia del generador sea un 50 % mayor que la clasificaci\u00f3n del inversor para reducir las posibilidades de sobrecarga.<\/span><\/li>\n<li><span>Se recomienda el generador inversor debido a su salida m\u00e1s limpia que los generadores convencionales.\u00a0El inversor puede rechazar la salida inadecuada del generador.<\/span><\/li>\n<\/ul>\n<\/div>\n<p><strong>\u00a0<\/strong><\/p>\n","protected":false},"excerpt":{"rendered":"<p>Esta nueva serie especial\u00a0de bajo voltaje de 110v\/120v\u00a0est\u00e1 dise\u00f1ada con un enfoque especial para pa\u00edses como EE. UU., Canad\u00e1, Puerto Rico y otras regiones que utilizan principalmente una carga de 110V\/120V sin necesidad de un transformador reductor externo.\u00a0\u00a0Tenga cuidado de que esta unidad NO funcione con una carga de 220-240v. Disponible de 800w a 2400w\u00a0,\u00a0todos\u00a0los &hellip;<\/p>\n<p class=\"read-more\"> <a class=\"\" href=\"https:\/\/futurenergysolar.com\/index.php\/producto\/inversor-solar-110-120v-baja-tension\/\"> <span class=\"screen-reader-text\">Inversor Solar 110\/120V Baja Tensi\u00f3n<\/span> Leer m\u00e1s &raquo;<\/a><\/p>\n","protected":false},"featured_media":4670,"comment_status":"open","ping_status":"closed","template":"","meta":{"_uag_custom_page_level_css":"","site-sidebar-layout":"default","site-content-layout":"default","ast-global-header-display":"","ast-banner-title-visibility":"","ast-main-header-display":"","ast-hfb-above-header-display":"","ast-hfb-below-header-display":"","ast-hfb-mobile-header-display":"","site-post-title":"","ast-breadcrumbs-content":"","ast-featured-img":"","footer-sml-layout":"","theme-transparent-header-meta":"default","adv-header-id-meta":"","stick-header-meta":"","header-above-stick-meta":"","header-main-stick-meta":"","header-below-stick-meta":""},"product_cat":[26],"product_tag":[],"uagb_featured_image_src":{"full":["https:\/\/futurenergysolar.com\/wp-content\/uploads\/2023\/06\/Inversor-Solar-110-120V-Baja-Tension.jpg",558,457,false],"thumbnail":["https:\/\/futurenergysolar.com\/wp-content\/uploads\/2023\/06\/Inversor-Solar-110-120V-Baja-Tension-150x150.jpg",150,150,true],"medium":["https:\/\/futurenergysolar.com\/wp-content\/uploads\/2023\/06\/Inversor-Solar-110-120V-Baja-Tension-300x246.jpg",300,246,true],"medium_large":["https:\/\/futurenergysolar.com\/wp-content\/uploads\/2023\/06\/Inversor-Solar-110-120V-Baja-Tension.jpg",558,457,false],"large":["https:\/\/futurenergysolar.com\/wp-content\/uploads\/2023\/06\/Inversor-Solar-110-120V-Baja-Tension.jpg",558,457,false],"1536x1536":["https:\/\/futurenergysolar.com\/wp-content\/uploads\/2023\/06\/Inversor-Solar-110-120V-Baja-Tension.jpg",558,457,false],"2048x2048":["https:\/\/futurenergysolar.com\/wp-content\/uploads\/2023\/06\/Inversor-Solar-110-120V-Baja-Tension.jpg",558,457,false],"mailpoet_newsletter_max":["https:\/\/futurenergysolar.com\/wp-content\/uploads\/2023\/06\/Inversor-Solar-110-120V-Baja-Tension.jpg",558,457,false],"woocommerce_thumbnail":["https:\/\/futurenergysolar.com\/wp-content\/uploads\/2023\/06\/Inversor-Solar-110-120V-Baja-Tension-300x300.jpg",300,300,true],"woocommerce_single":["https:\/\/futurenergysolar.com\/wp-content\/uploads\/2023\/06\/Inversor-Solar-110-120V-Baja-Tension.jpg",558,457,false],"woocommerce_gallery_thumbnail":["https:\/\/futurenergysolar.com\/wp-content\/uploads\/2023\/06\/Inversor-Solar-110-120V-Baja-Tension-100x100.jpg",100,100,true]},"uagb_author_info":{"display_name":"poweryi","author_link":"https:\/\/futurenergysolar.com\/index.php\/author\/"},"uagb_comment_info":3,"uagb_excerpt":"Esta nueva serie especial\u00a0de bajo voltaje de 110v\/120v\u00a0est\u00e1 dise\u00f1ada con un enfoque especial para pa\u00edses como EE. UU., Canad\u00e1, Puerto Rico y otras regiones que utilizan principalmente una carga de 110V\/120V sin necesidad de un transformador reductor externo.\u00a0\u00a0Tenga cuidado de que esta unidad NO funcione con una carga de 220-240v. Disponible de 800w a 2400w\u00a0,\u00a0todos\u00a0los&hellip;","_links":{"self":[{"href":"https:\/\/futurenergysolar.com\/index.php\/wp-json\/wp\/v2\/product\/4512"}],"collection":[{"href":"https:\/\/futurenergysolar.com\/index.php\/wp-json\/wp\/v2\/product"}],"about":[{"href":"https:\/\/futurenergysolar.com\/index.php\/wp-json\/wp\/v2\/types\/product"}],"replies":[{"embeddable":true,"href":"https:\/\/futurenergysolar.com\/index.php\/wp-json\/wp\/v2\/comments?post=4512"}],"wp:featuredmedia":[{"embeddable":true,"href":"https:\/\/futurenergysolar.com\/index.php\/wp-json\/wp\/v2\/media\/4670"}],"wp:attachment":[{"href":"https:\/\/futurenergysolar.com\/index.php\/wp-json\/wp\/v2\/media?parent=4512"}],"wp:term":[{"taxonomy":"product_cat","embeddable":true,"href":"https:\/\/futurenergysolar.com\/index.php\/wp-json\/wp\/v2\/product_cat?post=4512"},{"taxonomy":"product_tag","embeddable":true,"href":"https:\/\/futurenergysolar.com\/index.php\/wp-json\/wp\/v2\/product_tag?post=4512"}],"curies":[{"name":"wp","href":"https:\/\/api.w.org\/{rel}","templated":true}]}}