{"id":3612,"date":"2020-09-09T04:31:48","date_gmt":"2020-09-09T04:31:48","guid":{"rendered":"https:\/\/futurenergysolar.com\/index.php\/about\/"},"modified":"2024-07-15T22:30:43","modified_gmt":"2024-07-16T03:30:43","slug":"about","status":"publish","type":"page","link":"https:\/\/futurenergysolar.com\/index.php\/about\/","title":{"rendered":"Nosotros"},"content":{"rendered":"\n<div class=\"wp-block-uagb-advanced-heading uagb-block-95e1a8f6\"><h1 class=\"uagb-heading-text\">Nosotros<\/h1><\/div>\n\n\n\n<div class=\"wp-block-uagb-container uagb-block-3937463c alignfull uagb-is-root-container\"><div class=\"uagb-container-inner-blocks-wrap\">\n<div class=\"wp-block-uagb-image aligncenter uagb-block-418a6441 wp-block-uagb-image--layout-default wp-block-uagb-image--effect-static wp-block-uagb-image--align-center\"><figure class=\"wp-block-uagb-image__figure\"><img decoding=\"async\" srcset=\"https:\/\/futurenergysolar.com\/wp-content\/uploads\/2023\/06\/Energia-Solar-Ventas-Paneles-Cuenca.png \" sizes=\"(max-width: 480px) 150px\" src=\"https:\/\/futurenergysolar.com\/wp-content\/uploads\/2023\/06\/Energia-Solar-Ventas-Paneles-Cuenca.png\" alt=\"\" class=\"uag-image-4518\" width=\"150\" height=\"90\" title=\"\" loading=\"lazy\"\/><\/figure><\/div>\n<\/div><\/div>\n\n\n\n<div class=\"wp-block-uagb-container uagb-block-17fcb98e alignfull uagb-is-root-container\"><div class=\"uagb-container-inner-blocks-wrap\">\n<div class=\"wp-block-uagb-container uagb-block-4f95d93f\">\n<p>Las energ\u00edas renovables solar fotovoltaica y la energ\u00eda solar t\u00e9rmica contribuyen, seg\u00fan la visi\u00f3n de Future Energy Ecuador a construir un mejor futuro para el planeta. La compa\u00f1\u00eda Ecuatoriana, especializada en la distribuci\u00f3n de energ\u00edas solares y otros materiales para instalaciones fotovoltaicas, como la t\u00e9rmica aspira a favorecer la creaci\u00f3n de un entorno m\u00e1s sostenible.<\/p>\n\n\n\n<p>Por eso Future Energy Ecuador lleva m\u00e1s de 5 a\u00f1os impulsando la revoluci\u00f3n energ\u00e9tica, apostando por las energ\u00edas renovables para reducir las emisiones de CO2 y brindando sus servicios de distribuci\u00f3n, ingenier\u00eda, soporte t\u00e9cnico, consultor\u00eda y log\u00edstica eficaces que ayudan a que sus clientes tambi\u00e9n se sumen a este cambio energ\u00e9tico.<\/p>\n\n\n\n<div class=\"wp-block-uagb-advanced-heading uagb-block-05bfd355\"><h2 class=\"uagb-heading-text\">MISI\u00d3N &amp; VISI\u00d3N<\/h2><p class=\"uagb-desc-text\">Nuestro&nbsp;objetivo es ser l\u00edderes en el desarrollo de soluciones de Energ\u00edas Alternativos como la Fotovoltaica, T\u00e9rmica, E\u00f3lico Etc. Contribuyendo activamente al bienestar social y al desarrollo sostenible.&nbsp;Aprovechando&nbsp;las dificultades y los desaf\u00edos al cambio del modelo energ\u00e9tico. global&nbsp;.<\/p><\/div>\n<\/div>\n\n\n\n<div class=\"wp-block-uagb-container uagb-block-69302a81\">\n<div class=\"wp-block-uagb-image uagb-block-f64b95f8 wp-block-uagb-image--layout-default wp-block-uagb-image--effect-static wp-block-uagb-image--align-none\"><figure class=\"wp-block-uagb-image__figure\"><img decoding=\"async\" srcset=\"https:\/\/futurenergysolar.com\/wp-content\/uploads\/2023\/06\/Future-Energy-Quienes-Somos.jpg , https:\/\/futurenergysolar.com\/wp-content\/uploads\/2020\/01\/banner-01.jpg 360w\" sizes=\"(max-width: 480px) 150px\" src=\"https:\/\/futurenergysolar.com\/wp-content\/uploads\/2023\/06\/Future-Energy-Quienes-Somos.jpg\" alt=\"\" class=\"uag-image-4516\" width=\"459\" height=\"457\" title=\"\" loading=\"lazy\"\/><\/figure><\/div>\n<\/div>\n<\/div><\/div>\n\n\n\n<div class=\"wp-block-uagb-container uagb-block-29a6b452 alignfull uagb-is-root-container\"><div class=\"uagb-container-inner-blocks-wrap\">\n<div class=\"wp-block-uagb-container uagb-block-1f1249d1\">\n<div class=\"wp-block-uagb-advanced-heading uagb-block-6ea80b7a\"><h3 class=\"uagb-heading-text\">MISI\u00d3N &amp; VISI\u00d3N<\/h3><\/div>\n<\/div>\n\n\n\n<div class=\"wp-block-uagb-container uagb-block-47bd6dcc\">\n<div class=\"wp-block-columns is-layout-flex wp-container-2\">\n<div class=\"wp-block-column is-layout-flow\" style=\"flex-basis:100%\">\n<div class=\"wp-block-uagb-advanced-heading uagb-block-852f777e\"><p class=\"uagb-desc-text\">Nuestro&nbsp;objetivo es ser l\u00edderes en el desarrollo de soluciones de Energ\u00edas Alternativos como la Fotovoltaica, T\u00e9rmica, E\u00f3lico Etc. Contribuyendo activamente al bienestar social y al desarrollo sostenible.&nbsp;Aprovechando&nbsp;las dificultades y los desaf\u00edos al cambio del modelo energ\u00e9tico. global&nbsp;.<\/p><\/div>\n<\/div>\n<\/div>\n<\/div>\n<\/div><\/div>\n\n\n\n<p><\/p>\n\n\n\n<div class=\"wp-block-uagb-container uagb-block-195c3797 alignfull uagb-is-root-container\"><div class=\"uagb-container-inner-blocks-wrap\">\n<div class=\"wp-block-uagb-container uagb-block-c5c223a9\">\n<div class=\"wp-block-uagb-image aligncenter uagb-block-518596c2 wp-block-uagb-image--layout-default wp-block-uagb-image--effect-static wp-block-uagb-image--align-center\"><figure class=\"wp-block-uagb-image__figure\"><img decoding=\"async\" srcset=\"https:\/\/futurenergysolar.com\/wp-content\/uploads\/2023\/06\/Energia-solar-cuida-el-ambiente.jpg ,https:\/\/futurenergysolar.com\/wp-content\/uploads\/2020\/01\/image-02.jpg 780w, https:\/\/futurenergysolar.com\/wp-content\/uploads\/2020\/01\/image-02.jpg 360w\" sizes=\"(max-width: 480px) 150px\" src=\"https:\/\/futurenergysolar.com\/wp-content\/uploads\/2023\/06\/Energia-solar-cuida-el-ambiente.jpg\" alt=\"\" class=\"uag-image-4521\" width=\"500\" height=\"500\" title=\"\" loading=\"lazy\"\/><\/figure><\/div>\n\n\n\n<div class=\"wp-block-uagb-star-rating uagb-block-e9180002\"><div class=\"uag-star-rating\" title=\"4\/5\"><span class=\"uag-star\">\u2605<\/span><span class=\"uag-star\">\u2605<\/span><span class=\"uag-star\">\u2605<\/span><span class=\"uag-star\">\u2605<\/span><span class=\"uag-star\">\u2605<\/span><\/div><\/div>\n\n\n\n<div class=\"wp-block-uagb-testimonial uagb-slick-carousel uagb-tm__arrow-outside uagb-block-7f617238 uagb-post__carousel_notset uagb-post__carousel_notset-tablet uagb-post__carousel_notset-mobile\"><div class=\"is-carousel uagb-tm__columns-1 uagb-tm__items\"><div class=\"uagb-testimonial__wrap  uagb-tm__imgicon-style-circle uagb-tm__image-position-bottom uagb-tm__bg-type-none \"><div class=\"uagb-tm__content\"><div class=\"uagb-tm__overlay\"><\/div><div class=\"uagb-tm__text-wrap\"><div class=\"uagb-tm__desc\">con m\u00e1s de 5 a\u00f1os de experiencia en energ\u00edas renovables, especializada en la distribuci\u00f3n de equipos solares fotovoltaicos y t\u00e9rmicos. Nos comprometemos con la sostenibilidad, la innovaci\u00f3n y la eficiencia, ofreciendo soluciones integrales en ingenier\u00eda, soporte t\u00e9cnico, consultor\u00eda y log\u00edstica para reducir las emisiones de CO2 y promover un futuro m\u00e1s sostenible.<\/div><div class=\"uagb-tm__meta-inner\"><div class=\"uagb-tm__image-content\"><div class=\"uagb-tm__image\"><img decoding=\"async\" class=\"uagb-tm-img-src\" src=\"https:\/\/futurenergysolar.com\/wp-content\/uploads\/2024\/07\/Distribucion-de-energia-solar-Ecuador.png\" alt=\"Paneles solar en cuenca\" width=\"60\" height=\"63\" loading=\"lazy\"\/><\/div><\/div><div class=\"uagb-testimonial-details\"><span class=\"uagb-tm__author-name\"><\/span><span class=\"uagb-tm__company\"><\/span><\/div><\/div><\/div><\/div><\/div><\/div><\/div>\n<\/div>\n\n\n\n<div class=\"wp-block-uagb-container uagb-block-9b7443c7\">\n<div class=\"wp-block-uagb-info-box uagb-block-86f8a77d uagb-infobox__content-wrap  uagb-infobox-icon-left uagb-infobox-left uagb-infobox-stacked-mobile uagb-infobox-image-valign-top\"><div class=\"uagb-ifb-image-content\"><img decoding=\"async\" src=\"https:\/\/futurenergysolar.com\/wp-content\/uploads\/2023\/06\/Future-Energy-Solar-Ecuador-Logo-sin-fondo.png\" alt=\"\" width=\"170\" height=\"63\" loading=\"lazy\"\/><\/div><div class=\"uagb-ifb-content\"><div class=\"uagb-ifb-title-wrap\"><h3 class=\"uagb-ifb-title\">Distribuci\u00f3n de Equipos Fotovoltaicos<\/h3><\/div><p class=\"uagb-ifb-desc\">Proveemos una amplia gama de paneles solares, inversores y bater\u00edas de alta calidad, adecuados para cualquier tipo de instalaci\u00f3n, desde residenciales hasta comerciales e industriales.<\/p><\/div><\/div>\n\n\n\n<div class=\"wp-block-uagb-info-box uagb-block-4ca95652 uagb-infobox__content-wrap  uagb-infobox-icon-below-title uagb-infobox-image-valign-top\"><div class=\"uagb-ifb-content\"><div class=\"uagb-ifb-title-wrap\"><h2 class=\"uagb-ifb-title\">Nuestros Valores<\/h2><\/div><div class=\"uagb-ifb-image-content\"><img decoding=\"async\" src=\"https:\/\/futurenergysolar.com\/wp-content\/uploads\/2023\/06\/Logo-1.png\" alt=\"\" width=\"52\" height=\"62\" loading=\"lazy\"\/><\/div><\/div><\/div>\n\n\n\n<div class=\"wp-block-uagb-container uagb-block-4ef11264\">\n<div class=\"wp-block-uagb-icon-list uagb-block-5b04b4a2\"><div class=\"uagb-icon-list__wrap\">\n<div class=\"wp-block-uagb-icon-list-child uagb-block-b90ab618\"><a target=\"_self\" aria-label=\"Sostenibilidad\" rel=\"noopener noreferrer\" href=\"#\"> <\/a><span class=\"uagb-icon-list__source-wrap\"><svg xmlns=\"https:\/\/www.w3.org\/2000\/svg\" viewBox=\"0 0 512 512\"><path d=\"M0 256C0 114.6 114.6 0 256 0C397.4 0 512 114.6 512 256C512 397.4 397.4 512 256 512C114.6 512 0 397.4 0 256zM371.8 211.8C382.7 200.9 382.7 183.1 371.8 172.2C360.9 161.3 343.1 161.3 332.2 172.2L224 280.4L179.8 236.2C168.9 225.3 151.1 225.3 140.2 236.2C129.3 247.1 129.3 264.9 140.2 275.8L204.2 339.8C215.1 350.7 232.9 350.7 243.8 339.8L371.8 211.8z\"><\/path><\/svg><\/span><span class=\"uagb-icon-list__label\">Sostenibilidad<\/span><\/div>\n\n\n\n<div class=\"wp-block-uagb-icon-list-child uagb-block-137ee73b\"><a target=\"_self\" aria-label=\"Innovaci\u00f3n\" rel=\"noopener noreferrer\" href=\"#\"> <\/a><span class=\"uagb-icon-list__source-wrap\"><svg xmlns=\"https:\/\/www.w3.org\/2000\/svg\" viewBox=\"0 0 512 512\"><path d=\"M0 256C0 114.6 114.6 0 256 0C397.4 0 512 114.6 512 256C512 397.4 397.4 512 256 512C114.6 512 0 397.4 0 256zM371.8 211.8C382.7 200.9 382.7 183.1 371.8 172.2C360.9 161.3 343.1 161.3 332.2 172.2L224 280.4L179.8 236.2C168.9 225.3 151.1 225.3 140.2 236.2C129.3 247.1 129.3 264.9 140.2 275.8L204.2 339.8C215.1 350.7 232.9 350.7 243.8 339.8L371.8 211.8z\"><\/path><\/svg><\/span><span class=\"uagb-icon-list__label\">Innovaci\u00f3n<\/span><\/div>\n\n\n\n<div class=\"wp-block-uagb-icon-list-child uagb-block-a5562a86\"><a target=\"_self\" aria-label=\"Calidad\" rel=\"noopener noreferrer\" href=\"#\"> <\/a><span class=\"uagb-icon-list__source-wrap\"><svg xmlns=\"https:\/\/www.w3.org\/2000\/svg\" viewBox=\"0 0 512 512\"><path d=\"M0 256C0 114.6 114.6 0 256 0C397.4 0 512 114.6 512 256C512 397.4 397.4 512 256 512C114.6 512 0 397.4 0 256zM371.8 211.8C382.7 200.9 382.7 183.1 371.8 172.2C360.9 161.3 343.1 161.3 332.2 172.2L224 280.4L179.8 236.2C168.9 225.3 151.1 225.3 140.2 236.2C129.3 247.1 129.3 264.9 140.2 275.8L204.2 339.8C215.1 350.7 232.9 350.7 243.8 339.8L371.8 211.8z\"><\/path><\/svg><\/span><span class=\"uagb-icon-list__label\">Calidad<\/span><\/div>\n\n\n\n<div class=\"wp-block-uagb-icon-list-child uagb-block-ca39e63f\"><a target=\"_self\" aria-label=\"Compromiso con la Sostenibilidad\" rel=\"noopener noreferrer\" href=\"#\"> <\/a><span class=\"uagb-icon-list__source-wrap\"><svg xmlns=\"https:\/\/www.w3.org\/2000\/svg\" viewBox=\"0 0 512 512\"><path d=\"M0 256C0 114.6 114.6 0 256 0C397.4 0 512 114.6 512 256C512 397.4 397.4 512 256 512C114.6 512 0 397.4 0 256zM371.8 211.8C382.7 200.9 382.7 183.1 371.8 172.2C360.9 161.3 343.1 161.3 332.2 172.2L224 280.4L179.8 236.2C168.9 225.3 151.1 225.3 140.2 236.2C129.3 247.1 129.3 264.9 140.2 275.8L204.2 339.8C215.1 350.7 232.9 350.7 243.8 339.8L371.8 211.8z\"><\/path><\/svg><\/span><span class=\"uagb-icon-list__label\">Compromiso con la Sostenibilidad<\/span><\/div>\n<\/div><\/div>\n\n\n\n<div class=\"wp-block-uagb-icon-list uagb-block-35d39947\"><div class=\"uagb-icon-list__wrap\">\n<div class=\"wp-block-uagb-icon-list-child uagb-block-1553bebb\"><a target=\"_self\" aria-label=\"Innovaci\u00f3n y Revoluci\u00f3n Energ\u00e9tica\" rel=\"noopener noreferrer\" href=\"#\"> <\/a><span class=\"uagb-icon-list__source-wrap\"><svg xmlns=\"https:\/\/www.w3.org\/2000\/svg\" viewBox=\"0 0 512 512\"><path d=\"M0 256C0 114.6 114.6 0 256 0C397.4 0 512 114.6 512 256C512 397.4 397.4 512 256 512C114.6 512 0 397.4 0 256zM371.8 211.8C382.7 200.9 382.7 183.1 371.8 172.2C360.9 161.3 343.1 161.3 332.2 172.2L224 280.4L179.8 236.2C168.9 225.3 151.1 225.3 140.2 236.2C129.3 247.1 129.3 264.9 140.2 275.8L204.2 339.8C215.1 350.7 232.9 350.7 243.8 339.8L371.8 211.8z\"><\/path><\/svg><\/span><span class=\"uagb-icon-list__label\">Innovaci\u00f3n y Revoluci\u00f3n Energ\u00e9tica<\/span><\/div>\n\n\n\n<div class=\"wp-block-uagb-icon-list-child uagb-block-ebbc3833\"><a target=\"_self\" aria-label=\"Experiencia y Eficiencia\" rel=\"noopener noreferrer\" href=\"#\"> <\/a><span class=\"uagb-icon-list__source-wrap\"><svg xmlns=\"https:\/\/www.w3.org\/2000\/svg\" viewBox=\"0 0 512 512\"><path d=\"M0 256C0 114.6 114.6 0 256 0C397.4 0 512 114.6 512 256C512 397.4 397.4 512 256 512C114.6 512 0 397.4 0 256zM371.8 211.8C382.7 200.9 382.7 183.1 371.8 172.2C360.9 161.3 343.1 161.3 332.2 172.2L224 280.4L179.8 236.2C168.9 225.3 151.1 225.3 140.2 236.2C129.3 247.1 129.3 264.9 140.2 275.8L204.2 339.8C215.1 350.7 232.9 350.7 243.8 339.8L371.8 211.8z\"><\/path><\/svg><\/span><span class=\"uagb-icon-list__label\">Experiencia y Eficiencia<\/span><\/div>\n\n\n\n<div class=\"wp-block-uagb-icon-list-child uagb-block-221707c6\"><a target=\"_self\" aria-label=\"Adaptabilidad y Superaci\u00f3n de Desaf\u00edos\" rel=\"noopener noreferrer\" href=\"#\"> <\/a><span class=\"uagb-icon-list__source-wrap\"><svg xmlns=\"https:\/\/www.w3.org\/2000\/svg\" viewBox=\"0 0 512 512\"><path d=\"M0 256C0 114.6 114.6 0 256 0C397.4 0 512 114.6 512 256C512 397.4 397.4 512 256 512C114.6 512 0 397.4 0 256zM371.8 211.8C382.7 200.9 382.7 183.1 371.8 172.2C360.9 161.3 343.1 161.3 332.2 172.2L224 280.4L179.8 236.2C168.9 225.3 151.1 225.3 140.2 236.2C129.3 247.1 129.3 264.9 140.2 275.8L204.2 339.8C215.1 350.7 232.9 350.7 243.8 339.8L371.8 211.8z\"><\/path><\/svg><\/span><span class=\"uagb-icon-list__label\">Adaptabilidad y Superaci\u00f3n de Desaf\u00edos<\/span><\/div>\n\n\n\n<div class=\"wp-block-uagb-icon-list-child uagb-block-a9c2baa7\"><a target=\"_self\" aria-label=\"Calidad y Profesionalismo\" rel=\"noopener noreferrer\" href=\"#\"> <\/a><span class=\"uagb-icon-list__source-wrap\"><svg xmlns=\"https:\/\/www.w3.org\/2000\/svg\" viewBox=\"0 0 512 512\"><path d=\"M0 256C0 114.6 114.6 0 256 0C397.4 0 512 114.6 512 256C512 397.4 397.4 512 256 512C114.6 512 0 397.4 0 256zM371.8 211.8C382.7 200.9 382.7 183.1 371.8 172.2C360.9 161.3 343.1 161.3 332.2 172.2L224 280.4L179.8 236.2C168.9 225.3 151.1 225.3 140.2 236.2C129.3 247.1 129.3 264.9 140.2 275.8L204.2 339.8C215.1 350.7 232.9 350.7 243.8 339.8L371.8 211.8z\"><\/path><\/svg><\/span><span class=\"uagb-icon-list__label\">Calidad y Profesionalismo<\/span><\/div>\n<\/div><\/div>\n<\/div>\n\n\n\n<div class=\"wp-block-uagb-buttons uagb-buttons__outer-wrap uagb-btn__default-btn uagb-btn-tablet__default-btn uagb-btn-mobile__default-btn uagb-block-7c8100de\"><div class=\"uagb-buttons__wrap uagb-buttons-layout-wrap\">\n<div class=\"wp-block-uagb-buttons-child uagb-buttons__outer-wrap uagb-block-e3de44a7 wp-block-button is-style-outline\"><div class=\"uagb-button__wrapper\"><a class=\"uagb-buttons-repeater wp-block-button__link\" href=\"#\" onclick=\"return false;\" rel=\"follow noopener\" target=\"_self\"><span class=\"uagb-button__icon uagb-button__icon-position-before\"><svg xmlns=\"https:\/\/www.w3.org\/2000\/svg\" viewBox=\"0 0 576 512\"><path d=\"M96 0C107.5 0 117.4 8.19 119.6 19.51L121.1 32H541.8C562.1 32 578.3 52.25 572.6 72.66L518.6 264.7C514.7 278.5 502.1 288 487.8 288H170.7L179.9 336H488C501.3 336 512 346.7 512 360C512 373.3 501.3 384 488 384H159.1C148.5 384 138.6 375.8 136.4 364.5L76.14 48H24C10.75 48 0 37.25 0 24C0 10.75 10.75 0 24 0H96zM128 464C128 437.5 149.5 416 176 416C202.5 416 224 437.5 224 464C224 490.5 202.5 512 176 512C149.5 512 128 490.5 128 464zM512 464C512 490.5 490.5 512 464 512C437.5 512 416 490.5 416 464C416 437.5 437.5 416 464 416C490.5 416 512 437.5 512 464z\"><\/path><\/svg><\/span><div class=\"uagb-button__link\">Start Shopping<\/div><\/a><\/div><\/div>\n<\/div><\/div>\n<\/div>\n<\/div><\/div>\n","protected":false},"excerpt":{"rendered":"<p>Nosotros Las energ\u00edas renovables solar fotovoltaica y la energ\u00eda solar t\u00e9rmica contribuyen, seg\u00fan la visi\u00f3n de Future Energy Ecuador a construir un mejor futuro para el planeta. La compa\u00f1\u00eda Ecuatoriana, especializada en la distribuci\u00f3n de energ\u00edas solares y otros materiales para instalaciones fotovoltaicas, como la t\u00e9rmica aspira a favorecer la creaci\u00f3n de un entorno m\u00e1s &hellip;<\/p>\n<p class=\"read-more\"> <a class=\"\" href=\"https:\/\/futurenergysolar.com\/index.php\/about\/\"> <span class=\"screen-reader-text\">Nosotros<\/span> Leer m\u00e1s &raquo;<\/a><\/p>\n","protected":false},"author":1,"featured_media":0,"parent":0,"menu_order":0,"comment_status":"closed","ping_status":"closed","template":"","meta":{"_uag_custom_page_level_css":"","site-sidebar-layout":"no-sidebar","site-content-layout":"plain-container","ast-global-header-display":"","ast-banner-title-visibility":"","ast-main-header-display":"","ast-hfb-above-header-display":"","ast-hfb-below-header-display":"","ast-hfb-mobile-header-display":"","site-post-title":"disabled","ast-breadcrumbs-content":"","ast-featured-img":"disabled","footer-sml-layout":"","theme-transparent-header-meta":"enabled","adv-header-id-meta":"","stick-header-meta":"","header-above-stick-meta":"","header-main-stick-meta":"","header-below-stick-meta":""},"uagb_featured_image_src":{"full":false,"thumbnail":false,"medium":false,"medium_large":false,"large":false,"1536x1536":false,"2048x2048":false,"mailpoet_newsletter_max":false,"woocommerce_thumbnail":false,"woocommerce_single":false,"woocommerce_gallery_thumbnail":false},"uagb_author_info":{"display_name":"poweryi","author_link":"https:\/\/futurenergysolar.com\/index.php\/author\/poweryi\/"},"uagb_comment_info":0,"uagb_excerpt":"Nosotros Las energ\u00edas renovables solar fotovoltaica y la energ\u00eda solar t\u00e9rmica contribuyen, seg\u00fan la visi\u00f3n de Future Energy Ecuador a construir un mejor futuro para el planeta. La compa\u00f1\u00eda Ecuatoriana, especializada en la distribuci\u00f3n de energ\u00edas solares y otros materiales para instalaciones fotovoltaicas, como la t\u00e9rmica aspira a favorecer la creaci\u00f3n de un entorno m\u00e1s&hellip;","_links":{"self":[{"href":"https:\/\/futurenergysolar.com\/index.php\/wp-json\/wp\/v2\/pages\/3612"}],"collection":[{"href":"https:\/\/futurenergysolar.com\/index.php\/wp-json\/wp\/v2\/pages"}],"about":[{"href":"https:\/\/futurenergysolar.com\/index.php\/wp-json\/wp\/v2\/types\/page"}],"author":[{"embeddable":true,"href":"https:\/\/futurenergysolar.com\/index.php\/wp-json\/wp\/v2\/users\/1"}],"replies":[{"embeddable":true,"href":"https:\/\/futurenergysolar.com\/index.php\/wp-json\/wp\/v2\/comments?post=3612"}],"version-history":[{"count":10,"href":"https:\/\/futurenergysolar.com\/index.php\/wp-json\/wp\/v2\/pages\/3612\/revisions"}],"predecessor-version":[{"id":4869,"href":"https:\/\/futurenergysolar.com\/index.php\/wp-json\/wp\/v2\/pages\/3612\/revisions\/4869"}],"wp:attachment":[{"href":"https:\/\/futurenergysolar.com\/index.php\/wp-json\/wp\/v2\/media?parent=3612"}],"curies":[{"name":"wp","href":"https:\/\/api.w.org\/{rel}","templated":true}]}}